{"id":7009,"date":"2025-11-10T11:02:14","date_gmt":"2025-11-10T11:02:14","guid":{"rendered":"https:\/\/casadalpalhao.pt\/presepio\/?page_id=7009"},"modified":"2025-11-23T21:31:10","modified_gmt":"2025-11-23T21:31:10","slug":"missao","status":"publish","type":"page","link":"https:\/\/casadalpalhao.pt\/presepio\/missao\/","title":{"rendered":"Miss\u00e3o"},"content":{"rendered":"<style>.kb-row-layout-id7009_319bf6-e8 > .kt-row-column-wrap{align-content:start;}:where(.kb-row-layout-id7009_319bf6-e8 > .kt-row-column-wrap) > .wp-block-kadence-column{justify-content:start;}.kb-row-layout-id7009_319bf6-e8 > .kt-row-column-wrap{column-gap:var(--global-kb-gap-none, 0rem );row-gap:var(--global-kb-gap-none, 0rem );padding-top:var(--global-kb-spacing-xs, 1rem);padding-right:var(--global-kb-spacing-xs, 1rem);padding-bottom:var(--global-kb-spacing-xs, 1rem);padding-left:var(--global-kb-spacing-xs, 1rem);grid-template-columns:minmax(0, calc(50% - ((var(--global-kb-gap-none, 0rem ) * 1 )\/2)))minmax(0, calc(50% - ((var(--global-kb-gap-none, 0rem ) * 1 )\/2)));}.kb-row-layout-id7009_319bf6-e8{background-color:#803600;}.kb-row-layout-id7009_319bf6-e8 > .kt-row-layout-overlay{opacity:0.30;}@media all and (max-width: 1024px){.kb-row-layout-id7009_319bf6-e8 > .kt-row-column-wrap{grid-template-columns:repeat(2, minmax(0, 1fr));}}@media all and (max-width: 767px){.kb-row-layout-id7009_319bf6-e8 > .kt-row-column-wrap{grid-template-columns:minmax(0, 1fr);}}<\/style><div class=\"kb-row-layout-wrap kb-row-layout-id7009_319bf6-e8 alignnone kt-row-has-bg wp-block-kadence-rowlayout\"><div class=\"kt-row-column-wrap kt-has-2-columns kt-row-layout-equal kt-tab-layout-inherit kt-mobile-layout-row kt-row-valign-top kt-inner-column-height-full\">\n<style>.kadence-column7009_5ee478-92 > .kt-inside-inner-col{display:flex;}.kadence-column7009_5ee478-92 > .kt-inside-inner-col{padding-top:var(--global-kb-spacing-xs, 1rem);padding-right:var(--global-kb-spacing-xs, 1rem);padding-bottom:var(--global-kb-spacing-xs, 1rem);padding-left:var(--global-kb-spacing-xs, 1rem);}.kadence-column7009_5ee478-92 > .kt-inside-inner-col,.kadence-column7009_5ee478-92 > .kt-inside-inner-col:before{border-top-left-radius:0px;border-top-right-radius:0px;border-bottom-right-radius:0px;border-bottom-left-radius:0px;}.kadence-column7009_5ee478-92 > .kt-inside-inner-col{column-gap:var(--global-kb-gap-sm, 1rem);}.kadence-column7009_5ee478-92 > .kt-inside-inner-col{flex-direction:column;justify-content:center;align-items:center;}.kadence-column7009_5ee478-92 > .kt-inside-inner-col > .kb-image-is-ratio-size{align-self:stretch;}.kadence-column7009_5ee478-92 > .kt-inside-inner-col > .wp-block-kadence-advancedgallery{align-self:stretch;}.kadence-column7009_5ee478-92 > .kt-inside-inner-col > .aligncenter{width:100%;}.kt-row-column-wrap > .kadence-column7009_5ee478-92{align-self:center;}.kt-inner-column-height-full:not(.kt-has-1-columns) > .wp-block-kadence-column.kadence-column7009_5ee478-92{align-self:auto;}.kt-inner-column-height-full:not(.kt-has-1-columns) > .wp-block-kadence-column.kadence-column7009_5ee478-92 > .kt-inside-inner-col{flex-direction:column;justify-content:center;}.kadence-column7009_5ee478-92 > .kt-inside-inner-col:before{opacity:0.3;}.kadence-column7009_5ee478-92{position:relative;}@media all and (max-width: 1024px){.kt-row-column-wrap > .kadence-column7009_5ee478-92{align-self:center;}}@media all and (max-width: 1024px){.kt-inner-column-height-full:not(.kt-has-1-columns) > .wp-block-kadence-column.kadence-column7009_5ee478-92{align-self:auto;}}@media all and (max-width: 1024px){.kt-inner-column-height-full:not(.kt-has-1-columns) > .wp-block-kadence-column.kadence-column7009_5ee478-92 > .kt-inside-inner-col{flex-direction:column;justify-content:center;}}@media all and (max-width: 1024px){.kadence-column7009_5ee478-92 > .kt-inside-inner-col{flex-direction:column;justify-content:center;align-items:center;}}@media all and (max-width: 767px){.kt-row-column-wrap > .kadence-column7009_5ee478-92{align-self:center;}.kt-inner-column-height-full:not(.kt-has-1-columns) > .wp-block-kadence-column.kadence-column7009_5ee478-92{align-self:auto;}.kt-inner-column-height-full:not(.kt-has-1-columns) > .wp-block-kadence-column.kadence-column7009_5ee478-92 > .kt-inside-inner-col{flex-direction:column;justify-content:center;}.kadence-column7009_5ee478-92 > .kt-inside-inner-col{flex-direction:column;justify-content:center;align-items:center;}}<\/style>\n<div class=\"wp-block-kadence-column kadence-column7009_5ee478-92\"><div class=\"kt-inside-inner-col\"><style>.kb-image7009_f810b6-56.kb-image-is-ratio-size, .kb-image7009_f810b6-56 .kb-image-is-ratio-size{max-width:400px;width:100%;}.wp-block-kadence-column > .kt-inside-inner-col > .kb-image7009_f810b6-56.kb-image-is-ratio-size, .wp-block-kadence-column > .kt-inside-inner-col > .kb-image7009_f810b6-56 .kb-image-is-ratio-size{align-self:unset;}.kb-image7009_f810b6-56{max-width:400px;}.image-is-svg.kb-image7009_f810b6-56{-webkit-flex:0 1 100%;flex:0 1 100%;}.image-is-svg.kb-image7009_f810b6-56 img{width:100%;}.kb-image7009_f810b6-56 .kb-image-has-overlay:after{opacity:0.3;border-top-left-radius:100%;border-top-right-radius:100%;border-bottom-right-radius:100%;border-bottom-left-radius:100%;}.kb-image7009_f810b6-56 img.kb-img, .kb-image7009_f810b6-56 .kb-img img{border-top-left-radius:100%;border-top-right-radius:100%;border-bottom-right-radius:100%;border-bottom-left-radius:100%;}<\/style>\n<figure class=\"wp-block-kadence-image kb-image7009_f810b6-56\"><img decoding=\"async\" src=\"https:\/\/casadalpalhao.pt\/presepio\/wp-content\/uploads\/sites\/4\/2025\/11\/presepioalpalhoeiro.png\" alt=\"\" class=\"kb-img wp-image-7104\"\/><\/figure>\n<\/div><\/div>\n\n\n<style>.kadence-column7009_0c90f6-99 > .kt-inside-inner-col{display:flex;}.kadence-column7009_0c90f6-99 > .kt-inside-inner-col{padding-top:var(--global-kb-spacing-xs, 1rem);padding-right:var(--global-kb-spacing-xs, 1rem);padding-bottom:var(--global-kb-spacing-xs, 1rem);padding-left:var(--global-kb-spacing-xs, 1rem);}.kadence-column7009_0c90f6-99 > .kt-inside-inner-col,.kadence-column7009_0c90f6-99 > .kt-inside-inner-col:before{border-top-left-radius:0px;border-top-right-radius:0px;border-bottom-right-radius:0px;border-bottom-left-radius:0px;}.kadence-column7009_0c90f6-99 > .kt-inside-inner-col{column-gap:var(--global-kb-gap-sm, 1rem);}.kadence-column7009_0c90f6-99 > .kt-inside-inner-col{flex-direction:column;justify-content:center;}.kadence-column7009_0c90f6-99 > .kt-inside-inner-col > .aligncenter{width:100%;}.kt-row-column-wrap > .kadence-column7009_0c90f6-99{align-self:center;}.kt-inner-column-height-full:not(.kt-has-1-columns) > .wp-block-kadence-column.kadence-column7009_0c90f6-99{align-self:auto;}.kt-inner-column-height-full:not(.kt-has-1-columns) > .wp-block-kadence-column.kadence-column7009_0c90f6-99 > .kt-inside-inner-col{flex-direction:column;justify-content:center;}.kadence-column7009_0c90f6-99 > .kt-inside-inner-col{background-color:#cc5e13;}.kadence-column7009_0c90f6-99 > .kt-inside-inner-col:before{opacity:0.3;}.kadence-column7009_0c90f6-99, .kadence-column7009_0c90f6-99 h1, .kadence-column7009_0c90f6-99 h2, .kadence-column7009_0c90f6-99 h3, .kadence-column7009_0c90f6-99 h4, .kadence-column7009_0c90f6-99 h5, .kadence-column7009_0c90f6-99 h6{color:#803600;}.kadence-column7009_0c90f6-99{position:relative;}@media all and (max-width: 1024px){.kt-row-column-wrap > .kadence-column7009_0c90f6-99{align-self:center;}}@media all and (max-width: 1024px){.kt-inner-column-height-full:not(.kt-has-1-columns) > .wp-block-kadence-column.kadence-column7009_0c90f6-99{align-self:auto;}}@media all and (max-width: 1024px){.kt-inner-column-height-full:not(.kt-has-1-columns) > .wp-block-kadence-column.kadence-column7009_0c90f6-99 > .kt-inside-inner-col{flex-direction:column;justify-content:center;}}@media all and (max-width: 1024px){.kadence-column7009_0c90f6-99 > .kt-inside-inner-col{flex-direction:column;justify-content:center;}}@media all and (max-width: 767px){.kt-row-column-wrap > .kadence-column7009_0c90f6-99{align-self:center;}.kt-inner-column-height-full:not(.kt-has-1-columns) > .wp-block-kadence-column.kadence-column7009_0c90f6-99{align-self:auto;}.kt-inner-column-height-full:not(.kt-has-1-columns) > .wp-block-kadence-column.kadence-column7009_0c90f6-99 > .kt-inside-inner-col{flex-direction:column;justify-content:center;}.kadence-column7009_0c90f6-99 > .kt-inside-inner-col{flex-direction:column;justify-content:center;}}<\/style>\n<div class=\"wp-block-kadence-column kadence-column7009_0c90f6-99\"><div class=\"kt-inside-inner-col\"><style>.wp-block-kadence-advancedheading.kt-adv-heading7009_1ee579-cd, .wp-block-kadence-advancedheading.kt-adv-heading7009_1ee579-cd[data-kb-block=\"kb-adv-heading7009_1ee579-cd\"]{margin-bottom:var(--global-kb-spacing-xs, 1rem);font-size:12px;line-height:1em;font-weight:bold;font-style:normal;}.wp-block-kadence-advancedheading.kt-adv-heading7009_1ee579-cd mark.kt-highlight, .wp-block-kadence-advancedheading.kt-adv-heading7009_1ee579-cd[data-kb-block=\"kb-adv-heading7009_1ee579-cd\"] mark.kt-highlight{font-style:normal;color:#f76a0c;-webkit-box-decoration-break:clone;box-decoration-break:clone;padding-top:0px;padding-right:0px;padding-bottom:0px;padding-left:0px;}.wp-block-kadence-advancedheading.kt-adv-heading7009_1ee579-cd img.kb-inline-image, .wp-block-kadence-advancedheading.kt-adv-heading7009_1ee579-cd[data-kb-block=\"kb-adv-heading7009_1ee579-cd\"] img.kb-inline-image{width:150px;vertical-align:baseline;}<\/style>\n<h6 class=\"kt-adv-heading7009_1ee579-cd wp-block-kadence-advancedheading\" data-kb-block=\"kb-adv-heading7009_1ee579-cd\">PRES\u00c9PIO DO POVO<\/h6>\n\n\n<style>.wp-block-kadence-advancedheading.kt-adv-heading7009_41c4ef-4e, .wp-block-kadence-advancedheading.kt-adv-heading7009_41c4ef-4e[data-kb-block=\"kb-adv-heading7009_41c4ef-4e\"]{padding-bottom:var(--global-kb-spacing-xs, 1rem);font-size:var(--global-kb-font-size-lg, 2rem);font-style:normal;}.wp-block-kadence-advancedheading.kt-adv-heading7009_41c4ef-4e mark.kt-highlight, .wp-block-kadence-advancedheading.kt-adv-heading7009_41c4ef-4e[data-kb-block=\"kb-adv-heading7009_41c4ef-4e\"] mark.kt-highlight{font-style:normal;color:#f76a0c;-webkit-box-decoration-break:clone;box-decoration-break:clone;padding-top:0px;padding-right:0px;padding-bottom:0px;padding-left:0px;}.wp-block-kadence-advancedheading.kt-adv-heading7009_41c4ef-4e img.kb-inline-image, .wp-block-kadence-advancedheading.kt-adv-heading7009_41c4ef-4e[data-kb-block=\"kb-adv-heading7009_41c4ef-4e\"] img.kb-inline-image{width:150px;vertical-align:baseline;}<\/style>\n<p class=\"kt-adv-heading7009_41c4ef-4e wp-block-kadence-advancedheading\" data-kb-block=\"kb-adv-heading7009_41c4ef-4e\">Pres\u00e9pio Alpalhoeiro<\/p>\n\n\n<style>.wp-block-kadence-advancedheading.kt-adv-heading7009_40cad9-48, .wp-block-kadence-advancedheading.kt-adv-heading7009_40cad9-48[data-kb-block=\"kb-adv-heading7009_40cad9-48\"]{font-size:var(--global-kb-font-size-md, 1.25rem);font-style:normal;}.wp-block-kadence-advancedheading.kt-adv-heading7009_40cad9-48 mark.kt-highlight, .wp-block-kadence-advancedheading.kt-adv-heading7009_40cad9-48[data-kb-block=\"kb-adv-heading7009_40cad9-48\"] mark.kt-highlight{font-style:normal;color:#f76a0c;-webkit-box-decoration-break:clone;box-decoration-break:clone;padding-top:0px;padding-right:0px;padding-bottom:0px;padding-left:0px;}.wp-block-kadence-advancedheading.kt-adv-heading7009_40cad9-48 img.kb-inline-image, .wp-block-kadence-advancedheading.kt-adv-heading7009_40cad9-48[data-kb-block=\"kb-adv-heading7009_40cad9-48\"] img.kb-inline-image{width:150px;vertical-align:baseline;}<\/style>\n<p class=\"kt-adv-heading7009_40cad9-48 wp-block-kadence-advancedheading\" data-kb-block=\"kb-adv-heading7009_40cad9-48\">A miss\u00e3o do <strong>Pres\u00e9pio Alpalhoeiro<\/strong> \u00e9 promover e perpetuar a tradi\u00e7\u00e3o cultural do pres\u00e9pio, com o envolvimento da comunidade na viv\u00eancia do esp\u00edrito de Natal, atrav\u00e9s da constru\u00e7\u00e3o e exposi\u00e7\u00e3o de um pres\u00e9pio.<\/p>\n\n\n<style>.wp-block-kadence-advancedheading.kt-adv-heading7009_dd823d-e7, .wp-block-kadence-advancedheading.kt-adv-heading7009_dd823d-e7[data-kb-block=\"kb-adv-heading7009_dd823d-e7\"]{font-size:var(--global-kb-font-size-md, 1.25rem);font-style:normal;}.wp-block-kadence-advancedheading.kt-adv-heading7009_dd823d-e7 mark.kt-highlight, .wp-block-kadence-advancedheading.kt-adv-heading7009_dd823d-e7[data-kb-block=\"kb-adv-heading7009_dd823d-e7\"] mark.kt-highlight{font-style:normal;color:#f76a0c;-webkit-box-decoration-break:clone;box-decoration-break:clone;padding-top:0px;padding-right:0px;padding-bottom:0px;padding-left:0px;}.wp-block-kadence-advancedheading.kt-adv-heading7009_dd823d-e7 img.kb-inline-image, .wp-block-kadence-advancedheading.kt-adv-heading7009_dd823d-e7[data-kb-block=\"kb-adv-heading7009_dd823d-e7\"] img.kb-inline-image{width:150px;vertical-align:baseline;}<\/style>\n<h6 class=\"kt-adv-heading7009_dd823d-e7 wp-block-kadence-advancedheading\" data-kb-block=\"kb-adv-heading7009_dd823d-e7\"><strong>Pres\u00e9pio Alpalhoeiro \u2013 Pres\u00e9pio do Povo!<\/strong><\/h6>\n\n\n<style>.wp-block-kadence-advancedheading.kt-adv-heading7009_449c71-52, .wp-block-kadence-advancedheading.kt-adv-heading7009_449c71-52[data-kb-block=\"kb-adv-heading7009_449c71-52\"]{font-size:var(--global-kb-font-size-sm, 0.9rem);font-style:normal;}.wp-block-kadence-advancedheading.kt-adv-heading7009_449c71-52 mark.kt-highlight, .wp-block-kadence-advancedheading.kt-adv-heading7009_449c71-52[data-kb-block=\"kb-adv-heading7009_449c71-52\"] mark.kt-highlight{font-style:normal;color:#f76a0c;-webkit-box-decoration-break:clone;box-decoration-break:clone;padding-top:0px;padding-right:0px;padding-bottom:0px;padding-left:0px;}.wp-block-kadence-advancedheading.kt-adv-heading7009_449c71-52 img.kb-inline-image, .wp-block-kadence-advancedheading.kt-adv-heading7009_449c71-52[data-kb-block=\"kb-adv-heading7009_449c71-52\"] img.kb-inline-image{width:150px;vertical-align:baseline;}<\/style>\n<h6 class=\"kt-adv-heading7009_449c71-52 wp-block-kadence-advancedheading\" data-kb-block=\"kb-adv-heading7009_449c71-52\">Conceito e organiza\u00e7\u00e3o da <strong>CASA D&#8217;ALPALH\u00c3O<\/strong> com a participa\u00e7\u00e3o dos <strong>Alpalhoeiros<\/strong><\/h6>\n<\/div><\/div>\n\n<\/div><\/div>","protected":false},"excerpt":{"rendered":"<p>PRES\u00c9PIO DO POVO Pres\u00e9pio Alpalhoeiro A miss\u00e3o do Pres\u00e9pio Alpalhoeiro \u00e9 promover e perpetuar a tradi\u00e7\u00e3o cultural do pres\u00e9pio, com&#8230;<\/p>\n","protected":false},"author":1,"featured_media":0,"parent":0,"menu_order":2,"comment_status":"closed","ping_status":"closed","template":"","meta":{"footnotes":""},"class_list":["post-7009","page","type-page","status-publish","hentry"],"yoast_head":"<!-- This site is optimized with the Yoast SEO plugin v27.5 - https:\/\/yoast.com\/product\/yoast-seo-wordpress\/ -->\n<title>Miss\u00e3o - Pres\u00e9pio Alpalhoeiro<\/title>\n<meta name=\"robots\" content=\"index, follow, max-snippet:-1, max-image-preview:large, max-video-preview:-1\" \/>\n<link rel=\"canonical\" href=\"https:\/\/casadalpalhao.pt\/presepio\/missao\/\" \/>\n<meta property=\"og:locale\" content=\"pt_PT\" \/>\n<meta property=\"og:type\" content=\"article\" \/>\n<meta property=\"og:title\" content=\"Miss\u00e3o - Pres\u00e9pio Alpalhoeiro\" \/>\n<meta property=\"og:description\" content=\"PRES\u00c9PIO DO POVO Pres\u00e9pio Alpalhoeiro A miss\u00e3o do Pres\u00e9pio Alpalhoeiro \u00e9 promover e perpetuar a tradi\u00e7\u00e3o cultural do pres\u00e9pio, com...\" \/>\n<meta property=\"og:url\" content=\"https:\/\/casadalpalhao.pt\/presepio\/missao\/\" \/>\n<meta property=\"og:site_name\" content=\"Pres\u00e9pio Alpalhoeiro\" \/>\n<meta property=\"article:modified_time\" content=\"2025-11-23T21:31:10+00:00\" \/>\n<meta property=\"og:image\" content=\"https:\/\/casadalpalhao.pt\/presepio\/wp-content\/uploads\/sites\/4\/2025\/11\/presepioalpalhoeiro.png\" \/>\n<meta name=\"twitter:card\" content=\"summary_large_image\" \/>\n<meta name=\"twitter:label1\" content=\"Tempo estimado de leitura\" \/>\n\t<meta name=\"twitter:data1\" content=\"1 minuto\" \/>\n<script type=\"application\/ld+json\" class=\"yoast-schema-graph\">{\"@context\":\"https:\\\/\\\/schema.org\",\"@graph\":[{\"@type\":\"WebPage\",\"@id\":\"https:\\\/\\\/casadalpalhao.pt\\\/presepio\\\/missao\\\/\",\"url\":\"https:\\\/\\\/casadalpalhao.pt\\\/presepio\\\/missao\\\/\",\"name\":\"Miss\u00e3o - Pres\u00e9pio Alpalhoeiro\",\"isPartOf\":{\"@id\":\"https:\\\/\\\/casadalpalhao.pt\\\/presepio\\\/#website\"},\"primaryImageOfPage\":{\"@id\":\"https:\\\/\\\/casadalpalhao.pt\\\/presepio\\\/missao\\\/#primaryimage\"},\"image\":{\"@id\":\"https:\\\/\\\/casadalpalhao.pt\\\/presepio\\\/missao\\\/#primaryimage\"},\"thumbnailUrl\":\"https:\\\/\\\/casadalpalhao.pt\\\/presepio\\\/wp-content\\\/uploads\\\/sites\\\/4\\\/2025\\\/11\\\/presepioalpalhoeiro.png\",\"datePublished\":\"2025-11-10T11:02:14+00:00\",\"dateModified\":\"2025-11-23T21:31:10+00:00\",\"breadcrumb\":{\"@id\":\"https:\\\/\\\/casadalpalhao.pt\\\/presepio\\\/missao\\\/#breadcrumb\"},\"inLanguage\":\"pt-PT\",\"potentialAction\":[{\"@type\":\"ReadAction\",\"target\":[\"https:\\\/\\\/casadalpalhao.pt\\\/presepio\\\/missao\\\/\"]}]},{\"@type\":\"ImageObject\",\"inLanguage\":\"pt-PT\",\"@id\":\"https:\\\/\\\/casadalpalhao.pt\\\/presepio\\\/missao\\\/#primaryimage\",\"url\":\"\",\"contentUrl\":\"\"},{\"@type\":\"BreadcrumbList\",\"@id\":\"https:\\\/\\\/casadalpalhao.pt\\\/presepio\\\/missao\\\/#breadcrumb\",\"itemListElement\":[{\"@type\":\"ListItem\",\"position\":1,\"name\":\"In\u00edcio\",\"item\":\"https:\\\/\\\/casadalpalhao.pt\\\/presepio\\\/\"},{\"@type\":\"ListItem\",\"position\":2,\"name\":\"Miss\u00e3o\"}]},{\"@type\":\"WebSite\",\"@id\":\"https:\\\/\\\/casadalpalhao.pt\\\/presepio\\\/#website\",\"url\":\"https:\\\/\\\/casadalpalhao.pt\\\/presepio\\\/\",\"name\":\"Pres\u00e9pio Alpalhoeiro\",\"description\":\"Pres\u00e9pio do Povo\",\"publisher\":{\"@id\":\"https:\\\/\\\/casadalpalhao.pt\\\/presepio\\\/#organization\"},\"potentialAction\":[{\"@type\":\"SearchAction\",\"target\":{\"@type\":\"EntryPoint\",\"urlTemplate\":\"https:\\\/\\\/casadalpalhao.pt\\\/presepio\\\/?s={search_term_string}\"},\"query-input\":{\"@type\":\"PropertyValueSpecification\",\"valueRequired\":true,\"valueName\":\"search_term_string\"}}],\"inLanguage\":\"pt-PT\"},{\"@type\":\"Organization\",\"@id\":\"https:\\\/\\\/casadalpalhao.pt\\\/presepio\\\/#organization\",\"name\":\"Pres\u00e9pio Alpalhoeiro\",\"url\":\"https:\\\/\\\/casadalpalhao.pt\\\/presepio\\\/\",\"logo\":{\"@type\":\"ImageObject\",\"inLanguage\":\"pt-PT\",\"@id\":\"https:\\\/\\\/casadalpalhao.pt\\\/presepio\\\/#\\\/schema\\\/logo\\\/image\\\/\",\"url\":\"https:\\\/\\\/casadalpalhao.pt\\\/presepio\\\/wp-content\\\/uploads\\\/sites\\\/4\\\/2026\\\/01\\\/presepioalpalhoeiro.png\",\"contentUrl\":\"https:\\\/\\\/casadalpalhao.pt\\\/presepio\\\/wp-content\\\/uploads\\\/sites\\\/4\\\/2026\\\/01\\\/presepioalpalhoeiro.png\",\"width\":1880,\"height\":440,\"caption\":\"Pres\u00e9pio Alpalhoeiro\"},\"image\":{\"@id\":\"https:\\\/\\\/casadalpalhao.pt\\\/presepio\\\/#\\\/schema\\\/logo\\\/image\\\/\"}}]}<\/script>\n<!-- \/ Yoast SEO plugin. -->","yoast_head_json":{"title":"Miss\u00e3o - Pres\u00e9pio Alpalhoeiro","robots":{"index":"index","follow":"follow","max-snippet":"max-snippet:-1","max-image-preview":"max-image-preview:large","max-video-preview":"max-video-preview:-1"},"canonical":"https:\/\/casadalpalhao.pt\/presepio\/missao\/","og_locale":"pt_PT","og_type":"article","og_title":"Miss\u00e3o - Pres\u00e9pio Alpalhoeiro","og_description":"PRES\u00c9PIO DO POVO Pres\u00e9pio Alpalhoeiro A miss\u00e3o do Pres\u00e9pio Alpalhoeiro \u00e9 promover e perpetuar a tradi\u00e7\u00e3o cultural do pres\u00e9pio, com...","og_url":"https:\/\/casadalpalhao.pt\/presepio\/missao\/","og_site_name":"Pres\u00e9pio Alpalhoeiro","article_modified_time":"2025-11-23T21:31:10+00:00","og_image":[{"url":"https:\/\/casadalpalhao.pt\/presepio\/wp-content\/uploads\/sites\/4\/2025\/11\/presepioalpalhoeiro.png","type":"","width":"","height":""}],"twitter_card":"summary_large_image","twitter_misc":{"Tempo estimado de leitura":"1 minuto"},"schema":{"@context":"https:\/\/schema.org","@graph":[{"@type":"WebPage","@id":"https:\/\/casadalpalhao.pt\/presepio\/missao\/","url":"https:\/\/casadalpalhao.pt\/presepio\/missao\/","name":"Miss\u00e3o - Pres\u00e9pio Alpalhoeiro","isPartOf":{"@id":"https:\/\/casadalpalhao.pt\/presepio\/#website"},"primaryImageOfPage":{"@id":"https:\/\/casadalpalhao.pt\/presepio\/missao\/#primaryimage"},"image":{"@id":"https:\/\/casadalpalhao.pt\/presepio\/missao\/#primaryimage"},"thumbnailUrl":"https:\/\/casadalpalhao.pt\/presepio\/wp-content\/uploads\/sites\/4\/2025\/11\/presepioalpalhoeiro.png","datePublished":"2025-11-10T11:02:14+00:00","dateModified":"2025-11-23T21:31:10+00:00","breadcrumb":{"@id":"https:\/\/casadalpalhao.pt\/presepio\/missao\/#breadcrumb"},"inLanguage":"pt-PT","potentialAction":[{"@type":"ReadAction","target":["https:\/\/casadalpalhao.pt\/presepio\/missao\/"]}]},{"@type":"ImageObject","inLanguage":"pt-PT","@id":"https:\/\/casadalpalhao.pt\/presepio\/missao\/#primaryimage","url":"","contentUrl":""},{"@type":"BreadcrumbList","@id":"https:\/\/casadalpalhao.pt\/presepio\/missao\/#breadcrumb","itemListElement":[{"@type":"ListItem","position":1,"name":"In\u00edcio","item":"https:\/\/casadalpalhao.pt\/presepio\/"},{"@type":"ListItem","position":2,"name":"Miss\u00e3o"}]},{"@type":"WebSite","@id":"https:\/\/casadalpalhao.pt\/presepio\/#website","url":"https:\/\/casadalpalhao.pt\/presepio\/","name":"Pres\u00e9pio Alpalhoeiro","description":"Pres\u00e9pio do Povo","publisher":{"@id":"https:\/\/casadalpalhao.pt\/presepio\/#organization"},"potentialAction":[{"@type":"SearchAction","target":{"@type":"EntryPoint","urlTemplate":"https:\/\/casadalpalhao.pt\/presepio\/?s={search_term_string}"},"query-input":{"@type":"PropertyValueSpecification","valueRequired":true,"valueName":"search_term_string"}}],"inLanguage":"pt-PT"},{"@type":"Organization","@id":"https:\/\/casadalpalhao.pt\/presepio\/#organization","name":"Pres\u00e9pio Alpalhoeiro","url":"https:\/\/casadalpalhao.pt\/presepio\/","logo":{"@type":"ImageObject","inLanguage":"pt-PT","@id":"https:\/\/casadalpalhao.pt\/presepio\/#\/schema\/logo\/image\/","url":"https:\/\/casadalpalhao.pt\/presepio\/wp-content\/uploads\/sites\/4\/2026\/01\/presepioalpalhoeiro.png","contentUrl":"https:\/\/casadalpalhao.pt\/presepio\/wp-content\/uploads\/sites\/4\/2026\/01\/presepioalpalhoeiro.png","width":1880,"height":440,"caption":"Pres\u00e9pio Alpalhoeiro"},"image":{"@id":"https:\/\/casadalpalhao.pt\/presepio\/#\/schema\/logo\/image\/"}}]}},"_links":{"self":[{"href":"https:\/\/casadalpalhao.pt\/presepio\/wp-json\/wp\/v2\/pages\/7009","targetHints":{"allow":["GET"]}}],"collection":[{"href":"https:\/\/casadalpalhao.pt\/presepio\/wp-json\/wp\/v2\/pages"}],"about":[{"href":"https:\/\/casadalpalhao.pt\/presepio\/wp-json\/wp\/v2\/types\/page"}],"author":[{"embeddable":true,"href":"https:\/\/casadalpalhao.pt\/presepio\/wp-json\/wp\/v2\/users\/1"}],"replies":[{"embeddable":true,"href":"https:\/\/casadalpalhao.pt\/presepio\/wp-json\/wp\/v2\/comments?post=7009"}],"version-history":[{"count":6,"href":"https:\/\/casadalpalhao.pt\/presepio\/wp-json\/wp\/v2\/pages\/7009\/revisions"}],"predecessor-version":[{"id":7204,"href":"https:\/\/casadalpalhao.pt\/presepio\/wp-json\/wp\/v2\/pages\/7009\/revisions\/7204"}],"wp:attachment":[{"href":"https:\/\/casadalpalhao.pt\/presepio\/wp-json\/wp\/v2\/media?parent=7009"}],"curies":[{"name":"wp","href":"https:\/\/api.w.org\/{rel}","templated":true}]}}