{"id":5178,"date":"2024-11-07T21:04:45","date_gmt":"2024-11-07T21:04:45","guid":{"rendered":"https:\/\/presepioalpalhoeiro.pt\/?page_id=5178"},"modified":"2026-03-09T07:07:17","modified_gmt":"2026-03-09T07:07:17","slug":"privacidade","status":"publish","type":"page","link":"https:\/\/casadalpalhao.pt\/presepio\/privacidade\/","title":{"rendered":"Privacidade"},"content":{"rendered":"\n<p><strong><strong><strong>Pres\u00e9pio Alpalhoeiro<\/strong><\/strong><\/strong> n\u00e3o armazena localmente quaisquer dados pessoais dos seus visitantes e utilizadores.<\/p>\n","protected":false},"excerpt":{"rendered":"<p>Pres\u00e9pio Alpalhoeiro n\u00e3o armazena localmente quaisquer dados pessoais dos seus visitantes e utilizadores.<\/p>\n","protected":false},"author":1,"featured_media":0,"parent":0,"menu_order":14,"comment_status":"closed","ping_status":"closed","template":"","meta":{"footnotes":""},"class_list":["post-5178","page","type-page","status-publish","hentry"],"yoast_head":"<!-- This site is optimized with the Yoast SEO plugin v27.5 - https:\/\/yoast.com\/product\/yoast-seo-wordpress\/ -->\n<title>Pol\u00edtica de privacidade - Pres\u00e9pio Alpalhoeiro<\/title>\n<meta name=\"description\" content=\"Pol\u00edtica de privacidade que estabelece as regras que regem a utiliza\u00e7\u00e3o da plataforma www.presepioalpalhoeiro.pt\" \/>\n<meta name=\"robots\" content=\"index, follow, max-snippet:-1, max-image-preview:large, max-video-preview:-1\" \/>\n<link rel=\"canonical\" href=\"https:\/\/casadalpalhao.pt\/presepio\/privacidade\/\" \/>\n<meta property=\"og:locale\" content=\"pt_PT\" \/>\n<meta property=\"og:type\" content=\"article\" \/>\n<meta property=\"og:title\" content=\"Pol\u00edtica de privacidade - Pres\u00e9pio Alpalhoeiro\" \/>\n<meta property=\"og:description\" content=\"Pol\u00edtica de privacidade que estabelece as regras que regem a utiliza\u00e7\u00e3o da plataforma www.presepioalpalhoeiro.pt\" \/>\n<meta property=\"og:url\" content=\"https:\/\/casadalpalhao.pt\/presepio\/privacidade\/\" \/>\n<meta property=\"og:site_name\" content=\"Pres\u00e9pio Alpalhoeiro\" \/>\n<meta property=\"article:modified_time\" content=\"2026-03-09T07:07:17+00:00\" \/>\n<meta name=\"twitter:card\" content=\"summary_large_image\" \/>\n<meta name=\"twitter:label1\" content=\"Tempo estimado de leitura\" \/>\n\t<meta name=\"twitter:data1\" content=\"1 minuto\" \/>\n<script type=\"application\/ld+json\" class=\"yoast-schema-graph\">{\"@context\":\"https:\\\/\\\/schema.org\",\"@graph\":[{\"@type\":\"WebPage\",\"@id\":\"https:\\\/\\\/casadalpalhao.pt\\\/presepio\\\/privacidade\\\/\",\"url\":\"https:\\\/\\\/casadalpalhao.pt\\\/presepio\\\/privacidade\\\/\",\"name\":\"Pol\u00edtica de privacidade - Pres\u00e9pio Alpalhoeiro\",\"isPartOf\":{\"@id\":\"https:\\\/\\\/casadalpalhao.pt\\\/presepio\\\/#website\"},\"datePublished\":\"2024-11-07T21:04:45+00:00\",\"dateModified\":\"2026-03-09T07:07:17+00:00\",\"description\":\"Pol\u00edtica de privacidade que estabelece as regras que regem a utiliza\u00e7\u00e3o da plataforma www.presepioalpalhoeiro.pt\",\"breadcrumb\":{\"@id\":\"https:\\\/\\\/casadalpalhao.pt\\\/presepio\\\/privacidade\\\/#breadcrumb\"},\"inLanguage\":\"pt-PT\",\"potentialAction\":[{\"@type\":\"ReadAction\",\"target\":[\"https:\\\/\\\/casadalpalhao.pt\\\/presepio\\\/privacidade\\\/\"]}]},{\"@type\":\"BreadcrumbList\",\"@id\":\"https:\\\/\\\/casadalpalhao.pt\\\/presepio\\\/privacidade\\\/#breadcrumb\",\"itemListElement\":[{\"@type\":\"ListItem\",\"position\":1,\"name\":\"In\u00edcio\",\"item\":\"https:\\\/\\\/casadalpalhao.pt\\\/presepio\\\/\"},{\"@type\":\"ListItem\",\"position\":2,\"name\":\"Privacidade\"}]},{\"@type\":\"WebSite\",\"@id\":\"https:\\\/\\\/casadalpalhao.pt\\\/presepio\\\/#website\",\"url\":\"https:\\\/\\\/casadalpalhao.pt\\\/presepio\\\/\",\"name\":\"Pres\u00e9pio Alpalhoeiro\",\"description\":\"Pres\u00e9pio do Povo\",\"publisher\":{\"@id\":\"https:\\\/\\\/casadalpalhao.pt\\\/presepio\\\/#organization\"},\"potentialAction\":[{\"@type\":\"SearchAction\",\"target\":{\"@type\":\"EntryPoint\",\"urlTemplate\":\"https:\\\/\\\/casadalpalhao.pt\\\/presepio\\\/?s={search_term_string}\"},\"query-input\":{\"@type\":\"PropertyValueSpecification\",\"valueRequired\":true,\"valueName\":\"search_term_string\"}}],\"inLanguage\":\"pt-PT\"},{\"@type\":\"Organization\",\"@id\":\"https:\\\/\\\/casadalpalhao.pt\\\/presepio\\\/#organization\",\"name\":\"Pres\u00e9pio Alpalhoeiro\",\"url\":\"https:\\\/\\\/casadalpalhao.pt\\\/presepio\\\/\",\"logo\":{\"@type\":\"ImageObject\",\"inLanguage\":\"pt-PT\",\"@id\":\"https:\\\/\\\/casadalpalhao.pt\\\/presepio\\\/#\\\/schema\\\/logo\\\/image\\\/\",\"url\":\"https:\\\/\\\/casadalpalhao.pt\\\/presepio\\\/wp-content\\\/uploads\\\/sites\\\/4\\\/2026\\\/01\\\/presepioalpalhoeiro.png\",\"contentUrl\":\"https:\\\/\\\/casadalpalhao.pt\\\/presepio\\\/wp-content\\\/uploads\\\/sites\\\/4\\\/2026\\\/01\\\/presepioalpalhoeiro.png\",\"width\":1880,\"height\":440,\"caption\":\"Pres\u00e9pio Alpalhoeiro\"},\"image\":{\"@id\":\"https:\\\/\\\/casadalpalhao.pt\\\/presepio\\\/#\\\/schema\\\/logo\\\/image\\\/\"}}]}<\/script>\n<!-- \/ Yoast SEO plugin. -->","yoast_head_json":{"title":"Pol\u00edtica de privacidade - Pres\u00e9pio Alpalhoeiro","description":"Pol\u00edtica de privacidade que estabelece as regras que regem a utiliza\u00e7\u00e3o da plataforma www.presepioalpalhoeiro.pt","robots":{"index":"index","follow":"follow","max-snippet":"max-snippet:-1","max-image-preview":"max-image-preview:large","max-video-preview":"max-video-preview:-1"},"canonical":"https:\/\/casadalpalhao.pt\/presepio\/privacidade\/","og_locale":"pt_PT","og_type":"article","og_title":"Pol\u00edtica de privacidade - Pres\u00e9pio Alpalhoeiro","og_description":"Pol\u00edtica de privacidade que estabelece as regras que regem a utiliza\u00e7\u00e3o da plataforma www.presepioalpalhoeiro.pt","og_url":"https:\/\/casadalpalhao.pt\/presepio\/privacidade\/","og_site_name":"Pres\u00e9pio Alpalhoeiro","article_modified_time":"2026-03-09T07:07:17+00:00","twitter_card":"summary_large_image","twitter_misc":{"Tempo estimado de leitura":"1 minuto"},"schema":{"@context":"https:\/\/schema.org","@graph":[{"@type":"WebPage","@id":"https:\/\/casadalpalhao.pt\/presepio\/privacidade\/","url":"https:\/\/casadalpalhao.pt\/presepio\/privacidade\/","name":"Pol\u00edtica de privacidade - Pres\u00e9pio Alpalhoeiro","isPartOf":{"@id":"https:\/\/casadalpalhao.pt\/presepio\/#website"},"datePublished":"2024-11-07T21:04:45+00:00","dateModified":"2026-03-09T07:07:17+00:00","description":"Pol\u00edtica de privacidade que estabelece as regras que regem a utiliza\u00e7\u00e3o da plataforma www.presepioalpalhoeiro.pt","breadcrumb":{"@id":"https:\/\/casadalpalhao.pt\/presepio\/privacidade\/#breadcrumb"},"inLanguage":"pt-PT","potentialAction":[{"@type":"ReadAction","target":["https:\/\/casadalpalhao.pt\/presepio\/privacidade\/"]}]},{"@type":"BreadcrumbList","@id":"https:\/\/casadalpalhao.pt\/presepio\/privacidade\/#breadcrumb","itemListElement":[{"@type":"ListItem","position":1,"name":"In\u00edcio","item":"https:\/\/casadalpalhao.pt\/presepio\/"},{"@type":"ListItem","position":2,"name":"Privacidade"}]},{"@type":"WebSite","@id":"https:\/\/casadalpalhao.pt\/presepio\/#website","url":"https:\/\/casadalpalhao.pt\/presepio\/","name":"Pres\u00e9pio Alpalhoeiro","description":"Pres\u00e9pio do Povo","publisher":{"@id":"https:\/\/casadalpalhao.pt\/presepio\/#organization"},"potentialAction":[{"@type":"SearchAction","target":{"@type":"EntryPoint","urlTemplate":"https:\/\/casadalpalhao.pt\/presepio\/?s={search_term_string}"},"query-input":{"@type":"PropertyValueSpecification","valueRequired":true,"valueName":"search_term_string"}}],"inLanguage":"pt-PT"},{"@type":"Organization","@id":"https:\/\/casadalpalhao.pt\/presepio\/#organization","name":"Pres\u00e9pio Alpalhoeiro","url":"https:\/\/casadalpalhao.pt\/presepio\/","logo":{"@type":"ImageObject","inLanguage":"pt-PT","@id":"https:\/\/casadalpalhao.pt\/presepio\/#\/schema\/logo\/image\/","url":"https:\/\/casadalpalhao.pt\/presepio\/wp-content\/uploads\/sites\/4\/2026\/01\/presepioalpalhoeiro.png","contentUrl":"https:\/\/casadalpalhao.pt\/presepio\/wp-content\/uploads\/sites\/4\/2026\/01\/presepioalpalhoeiro.png","width":1880,"height":440,"caption":"Pres\u00e9pio Alpalhoeiro"},"image":{"@id":"https:\/\/casadalpalhao.pt\/presepio\/#\/schema\/logo\/image\/"}}]}},"_links":{"self":[{"href":"https:\/\/casadalpalhao.pt\/presepio\/wp-json\/wp\/v2\/pages\/5178","targetHints":{"allow":["GET"]}}],"collection":[{"href":"https:\/\/casadalpalhao.pt\/presepio\/wp-json\/wp\/v2\/pages"}],"about":[{"href":"https:\/\/casadalpalhao.pt\/presepio\/wp-json\/wp\/v2\/types\/page"}],"author":[{"embeddable":true,"href":"https:\/\/casadalpalhao.pt\/presepio\/wp-json\/wp\/v2\/users\/1"}],"replies":[{"embeddable":true,"href":"https:\/\/casadalpalhao.pt\/presepio\/wp-json\/wp\/v2\/comments?post=5178"}],"version-history":[{"count":3,"href":"https:\/\/casadalpalhao.pt\/presepio\/wp-json\/wp\/v2\/pages\/5178\/revisions"}],"predecessor-version":[{"id":7613,"href":"https:\/\/casadalpalhao.pt\/presepio\/wp-json\/wp\/v2\/pages\/5178\/revisions\/7613"}],"wp:attachment":[{"href":"https:\/\/casadalpalhao.pt\/presepio\/wp-json\/wp\/v2\/media?parent=5178"}],"curies":[{"name":"wp","href":"https:\/\/api.w.org\/{rel}","templated":true}]}}