{"id":7484,"date":"2026-03-23T20:58:21","date_gmt":"2026-03-23T20:58:21","guid":{"rendered":"https:\/\/casadalpalhao.pt\/mercado\/?post_type=product&#038;p=7484"},"modified":"2026-04-01T10:07:15","modified_gmt":"2026-04-01T10:07:15","slug":"cacholeira-mascotes","status":"publish","type":"product","link":"https:\/\/casadalpalhao.pt\/mercado\/produto\/cacholeira-mascotes\/","title":{"rendered":"\u00abCacholeira\u00bb <br>Alfinete, Argola ou Porta-Chaves, \u00cdmane e Enfeite ou Pendente <br><div style=\"color: #CD1C18; font-weight: 700\">Mascotes &#8211; Orgulho Alpalhoeiro<\/div>"},"content":{"rendered":"<blockquote><p><strong>O<\/strong><em><strong> Orgulho Alpalhoeiro nasce da terra, das m\u00e3os e do tempo.<br \/>\nVive nos chouri\u00e7os curados com paci\u00eancia e saber, nos bordados feitos ponto a ponto, nas tradi\u00e7\u00f5es que permanecem porque s\u00e3o vividas com verdade.<br \/>\n\u00c9 um orgulho sereno. \u00c9 um orgulho simples. \u00c9 um orgulho vivido e partilhado.<\/strong><\/em><\/p><\/blockquote>\n<p>&nbsp;<\/p>\n<p>No cora\u00e7\u00e3o de <strong>Alpalh\u00e3o<\/strong>, terra de tradi\u00e7\u00f5es e mem\u00f3rias, o <strong>porco<\/strong> representa <strong>abund\u00e2ncia, trabalho comunit\u00e1rio e orgulho. <\/strong>Oferecer uma <strong>Cacholeira Alpalhoeira<\/strong>\u00a0\u00e9 partilhar a <strong>ess\u00eancia do campo<\/strong> e das <strong>tradi\u00e7\u00f5es alpalhoeiras.<\/strong><\/p>\n<p>A <strong>Cacholeira Alpalhoeira<\/strong> \u00e9 um presente \u00fanico, original e tipicamente alpalhoeiro.<\/p>\n<blockquote><p><strong>Para quem vem<\/strong>, leva <strong>um pouco de Alpalh\u00e3o<\/strong>, uma <strong>recorda\u00e7\u00e3o aut\u00eantica do encanto rural e das tradi\u00e7\u00f5es alpalhoeiras.<\/strong><\/p>\n<p><strong>Para quem fica<\/strong>, esta <strong>mascote<\/strong> representa o <strong>Orgulho de Ser Alpalhoeiro<\/strong>, o <strong>sentimento de perten\u00e7a \u00e0 terra<\/strong>, evocando <strong>as mem\u00f3rias e os afetos partilhados que unem as gera\u00e7\u00f5es.<\/strong><\/p><\/blockquote>\n<p>&nbsp;<\/p>\n<p>As <a href=\"https:\/\/casadalpalhao.pt\/mercado\/categoria-produto\/loja-orgulho-alpalhoeiro-mascotes\/\"><strong>Mascotes Alpalhoeiras<\/strong><\/a> representam s\u00edmbolos alpalhoeiros \u2013 pequenas pe\u00e7as feitas \u00e0 m\u00e3o, para que quem vive ou visita a vila possa levar um pouco da sua alma. Como argola ou \u00edman, as mascotes viajam em chaves e vivem em frigor\u00edficos, levando Alpalh\u00e3o pelo mundo \u2013 porque o \u00a0<a href=\"https:\/\/casadalpalhao.pt\/mercado\/categoria-produto\/loja-orgulho-alpalhoeiro\/\"><strong>Orgulho Alpalhoeiro<\/strong><\/a> n\u00e3o se guarda, vai com quem o leva consigo.<\/p>\n<p>Vivem todas em casas pr\u00f3ximas e distantes, e sempre que algu\u00e9m leva consigo uma <strong>mascote<\/strong>, leva tamb\u00e9m um convite silencioso \u2013 <strong>Voltar a Alpalh\u00e3o. E sentir que Alpalh\u00e3o \u00e9 casa!<\/strong><\/p>\n<p>&nbsp;<\/p>\n<p><strong>Composi\u00e7\u00e3o<\/strong><br \/>\nChouri\u00e7o tricotado \u00e0 m\u00e3o com l\u00e3 pura e atado \u00e0 m\u00e3o com fio de algod\u00e3o.<br \/>\nEnchimento com l\u00e3 pura.<\/p>\n<p><strong>Dimens\u00f5es<\/strong><br \/>\nComprimento: aprox. 16 cm \/ 7 cm (dobrado)<br \/>\nDi\u00e2metro: aprox. 1,5 cm<\/p>\n<p><em>Todos os produtos s\u00e3o feitos \u00e0 m\u00e3o e, por isso, s\u00e3o \u00fanicos. Podem apresentar ligeiras varia\u00e7\u00f5es em rela\u00e7\u00e3o \u00e0s imagens e descri\u00e7\u00f5es, pr\u00f3prias do trabalho manual \u2013 pequenas diferen\u00e7as que representam a sua autenticidade.<\/em><\/p>\n<p><strong>Chouri\u00e7o tricotado \u00e0 m\u00e3o com l\u00e3 pura em Portugal<\/strong><\/p>\n","protected":false},"excerpt":{"rendered":"<p>O Orgulho Alpalhoeiro nasce da terra, das m\u00e3os e do tempo. Vive nos chouri\u00e7os curados com paci\u00eancia e saber, nos&#8230;<\/p>\n","protected":false},"featured_media":7558,"template":"","meta":[],"product_brand":[],"product_cat":[218,216],"product_tag":[],"class_list":{"0":"post-7484","1":"product","2":"type-product","3":"status-publish","4":"has-post-thumbnail","6":"product_cat-loja-orgulho-alpalhoeiro-mascotes","7":"product_cat-loja-orgulho-alpalhoeiro","9":"first","10":"instock","11":"shipping-taxable","12":"purchasable","13":"product-type-variable"},"yoast_head":"<!-- This site is optimized with the Yoast SEO plugin v27.5 - https:\/\/yoast.com\/product\/yoast-seo-wordpress\/ -->\n<title>\u00abCacholeira\u00bb<\/title>\n<meta name=\"description\" content=\"Cacholeira tricotada \u00e0 m\u00e3o com l\u00e3 pura, para pendurar e decorar, usar, rir ou oferecer como um presente original e tipicamente alpalhoeiro.\" \/>\n<meta name=\"robots\" content=\"index, follow, max-snippet:-1, max-image-preview:large, max-video-preview:-1\" \/>\n<link rel=\"canonical\" href=\"https:\/\/casadalpalhao.pt\/mercado\/produto\/cacholeira-mascotes\/\" \/>\n<meta property=\"og:locale\" content=\"pt_PT\" \/>\n<meta property=\"og:type\" content=\"article\" \/>\n<meta property=\"og:title\" content=\"\u00abCacholeira\u00bb\" \/>\n<meta property=\"og:description\" content=\"Cacholeira tricotada \u00e0 m\u00e3o com l\u00e3 pura, para pendurar e decorar, usar, rir ou oferecer como um presente original e tipicamente alpalhoeiro.\" \/>\n<meta property=\"og:url\" content=\"https:\/\/casadalpalhao.pt\/mercado\/produto\/cacholeira-mascotes\/\" \/>\n<meta property=\"og:site_name\" content=\"Orgulho Alpalhoeiro\" \/>\n<meta property=\"article:modified_time\" content=\"2026-04-01T10:07:15+00:00\" \/>\n<meta property=\"og:image\" content=\"https:\/\/casadalpalhao.pt\/mercado\/wp-content\/uploads\/sites\/2\/2026\/03\/produto-mascote-cacholeira-mini-cacholeira-clara-819x1024.png\" \/>\n\t<meta property=\"og:image:width\" content=\"819\" \/>\n\t<meta property=\"og:image:height\" content=\"1024\" \/>\n\t<meta property=\"og:image:type\" content=\"image\/png\" \/>\n<meta name=\"twitter:card\" content=\"summary_large_image\" \/>\n<meta name=\"twitter:label1\" content=\"Tempo estimado de leitura\" \/>\n\t<meta name=\"twitter:data1\" content=\"2 minutos\" \/>\n<script type=\"application\/ld+json\" class=\"yoast-schema-graph\">{\"@context\":\"https:\\\/\\\/schema.org\",\"@graph\":[{\"@type\":\"WebPage\",\"@id\":\"https:\\\/\\\/casadalpalhao.pt\\\/mercado\\\/produto\\\/cacholeira-mascotes\\\/\",\"url\":\"https:\\\/\\\/casadalpalhao.pt\\\/mercado\\\/produto\\\/cacholeira-mascotes\\\/\",\"name\":\"\u00abCacholeira\u00bb\",\"isPartOf\":{\"@id\":\"https:\\\/\\\/casadalpalhao.pt\\\/mercado\\\/#website\"},\"primaryImageOfPage\":{\"@id\":\"https:\\\/\\\/casadalpalhao.pt\\\/mercado\\\/produto\\\/cacholeira-mascotes\\\/#primaryimage\"},\"image\":{\"@id\":\"https:\\\/\\\/casadalpalhao.pt\\\/mercado\\\/produto\\\/cacholeira-mascotes\\\/#primaryimage\"},\"thumbnailUrl\":\"https:\\\/\\\/casadalpalhao.pt\\\/mercado\\\/wp-content\\\/uploads\\\/sites\\\/2\\\/2026\\\/03\\\/produto-mascote-cacholeira-mini-cacholeira-clara.png\",\"datePublished\":\"2026-03-23T20:58:21+00:00\",\"dateModified\":\"2026-04-01T10:07:15+00:00\",\"description\":\"Cacholeira tricotada \u00e0 m\u00e3o com l\u00e3 pura, para pendurar e decorar, usar, rir ou oferecer como um presente original e tipicamente alpalhoeiro.\",\"breadcrumb\":{\"@id\":\"https:\\\/\\\/casadalpalhao.pt\\\/mercado\\\/produto\\\/cacholeira-mascotes\\\/#breadcrumb\"},\"inLanguage\":\"pt-PT\",\"potentialAction\":[{\"@type\":\"ReadAction\",\"target\":[\"https:\\\/\\\/casadalpalhao.pt\\\/mercado\\\/produto\\\/cacholeira-mascotes\\\/\"]}]},{\"@type\":\"ImageObject\",\"inLanguage\":\"pt-PT\",\"@id\":\"https:\\\/\\\/casadalpalhao.pt\\\/mercado\\\/produto\\\/cacholeira-mascotes\\\/#primaryimage\",\"url\":\"https:\\\/\\\/casadalpalhao.pt\\\/mercado\\\/wp-content\\\/uploads\\\/sites\\\/2\\\/2026\\\/03\\\/produto-mascote-cacholeira-mini-cacholeira-clara.png\",\"contentUrl\":\"https:\\\/\\\/casadalpalhao.pt\\\/mercado\\\/wp-content\\\/uploads\\\/sites\\\/2\\\/2026\\\/03\\\/produto-mascote-cacholeira-mini-cacholeira-clara.png\",\"width\":1080,\"height\":1350},{\"@type\":\"BreadcrumbList\",\"@id\":\"https:\\\/\\\/casadalpalhao.pt\\\/mercado\\\/produto\\\/cacholeira-mascotes\\\/#breadcrumb\",\"itemListElement\":[{\"@type\":\"ListItem\",\"position\":1,\"name\":\"In\u00edcio\",\"item\":\"https:\\\/\\\/casadalpalhao.pt\\\/mercado\\\/\"},{\"@type\":\"ListItem\",\"position\":2,\"name\":\"Loja \u2013 Todos os produtos\",\"item\":\"https:\\\/\\\/casadalpalhao.pt\\\/mercado\\\/loja-todos-os-produtos\\\/\"},{\"@type\":\"ListItem\",\"position\":3,\"name\":\"\u00abCacholeira\u00bb Alfinete, Argola ou Porta-Chaves, \u00cdmane e Enfeite ou Pendente Mascotes &#8211; Orgulho Alpalhoeiro\"}]},{\"@type\":\"WebSite\",\"@id\":\"https:\\\/\\\/casadalpalhao.pt\\\/mercado\\\/#website\",\"url\":\"https:\\\/\\\/casadalpalhao.pt\\\/mercado\\\/\",\"name\":\"Orgulho Alpalhoeiro\",\"description\":\"Sereno. Simples. Vivido e Partilhado.\",\"publisher\":{\"@id\":\"https:\\\/\\\/casadalpalhao.pt\\\/mercado\\\/#organization\"},\"potentialAction\":[{\"@type\":\"SearchAction\",\"target\":{\"@type\":\"EntryPoint\",\"urlTemplate\":\"https:\\\/\\\/casadalpalhao.pt\\\/mercado\\\/?s={search_term_string}\"},\"query-input\":{\"@type\":\"PropertyValueSpecification\",\"valueRequired\":true,\"valueName\":\"search_term_string\"}}],\"inLanguage\":\"pt-PT\"},{\"@type\":\"Organization\",\"@id\":\"https:\\\/\\\/casadalpalhao.pt\\\/mercado\\\/#organization\",\"name\":\"Orgulho Alpalhoeiro\",\"url\":\"https:\\\/\\\/casadalpalhao.pt\\\/mercado\\\/\",\"logo\":{\"@type\":\"ImageObject\",\"inLanguage\":\"pt-PT\",\"@id\":\"https:\\\/\\\/casadalpalhao.pt\\\/mercado\\\/#\\\/schema\\\/logo\\\/image\\\/\",\"url\":\"https:\\\/\\\/casadalpalhao.pt\\\/mercado\\\/wp-content\\\/uploads\\\/sites\\\/2\\\/2026\\\/03\\\/orgulhoalpalhoeiro.png\",\"contentUrl\":\"https:\\\/\\\/casadalpalhao.pt\\\/mercado\\\/wp-content\\\/uploads\\\/sites\\\/2\\\/2026\\\/03\\\/orgulhoalpalhoeiro.png\",\"width\":1880,\"height\":440,\"caption\":\"Orgulho Alpalhoeiro\"},\"image\":{\"@id\":\"https:\\\/\\\/casadalpalhao.pt\\\/mercado\\\/#\\\/schema\\\/logo\\\/image\\\/\"}}]}<\/script>\n<!-- \/ Yoast SEO plugin. -->","yoast_head_json":{"title":"\u00abCacholeira\u00bb","description":"Cacholeira tricotada \u00e0 m\u00e3o com l\u00e3 pura, para pendurar e decorar, usar, rir ou oferecer como um presente original e tipicamente alpalhoeiro.","robots":{"index":"index","follow":"follow","max-snippet":"max-snippet:-1","max-image-preview":"max-image-preview:large","max-video-preview":"max-video-preview:-1"},"canonical":"https:\/\/casadalpalhao.pt\/mercado\/produto\/cacholeira-mascotes\/","og_locale":"pt_PT","og_type":"article","og_title":"\u00abCacholeira\u00bb","og_description":"Cacholeira tricotada \u00e0 m\u00e3o com l\u00e3 pura, para pendurar e decorar, usar, rir ou oferecer como um presente original e tipicamente alpalhoeiro.","og_url":"https:\/\/casadalpalhao.pt\/mercado\/produto\/cacholeira-mascotes\/","og_site_name":"Orgulho Alpalhoeiro","article_modified_time":"2026-04-01T10:07:15+00:00","og_image":[{"width":819,"height":1024,"url":"https:\/\/casadalpalhao.pt\/mercado\/wp-content\/uploads\/sites\/2\/2026\/03\/produto-mascote-cacholeira-mini-cacholeira-clara-819x1024.png","type":"image\/png"}],"twitter_card":"summary_large_image","twitter_misc":{"Tempo estimado de leitura":"2 minutos"},"schema":{"@context":"https:\/\/schema.org","@graph":[{"@type":"WebPage","@id":"https:\/\/casadalpalhao.pt\/mercado\/produto\/cacholeira-mascotes\/","url":"https:\/\/casadalpalhao.pt\/mercado\/produto\/cacholeira-mascotes\/","name":"\u00abCacholeira\u00bb","isPartOf":{"@id":"https:\/\/casadalpalhao.pt\/mercado\/#website"},"primaryImageOfPage":{"@id":"https:\/\/casadalpalhao.pt\/mercado\/produto\/cacholeira-mascotes\/#primaryimage"},"image":{"@id":"https:\/\/casadalpalhao.pt\/mercado\/produto\/cacholeira-mascotes\/#primaryimage"},"thumbnailUrl":"https:\/\/casadalpalhao.pt\/mercado\/wp-content\/uploads\/sites\/2\/2026\/03\/produto-mascote-cacholeira-mini-cacholeira-clara.png","datePublished":"2026-03-23T20:58:21+00:00","dateModified":"2026-04-01T10:07:15+00:00","description":"Cacholeira tricotada \u00e0 m\u00e3o com l\u00e3 pura, para pendurar e decorar, usar, rir ou oferecer como um presente original e tipicamente alpalhoeiro.","breadcrumb":{"@id":"https:\/\/casadalpalhao.pt\/mercado\/produto\/cacholeira-mascotes\/#breadcrumb"},"inLanguage":"pt-PT","potentialAction":[{"@type":"ReadAction","target":["https:\/\/casadalpalhao.pt\/mercado\/produto\/cacholeira-mascotes\/"]}]},{"@type":"ImageObject","inLanguage":"pt-PT","@id":"https:\/\/casadalpalhao.pt\/mercado\/produto\/cacholeira-mascotes\/#primaryimage","url":"https:\/\/casadalpalhao.pt\/mercado\/wp-content\/uploads\/sites\/2\/2026\/03\/produto-mascote-cacholeira-mini-cacholeira-clara.png","contentUrl":"https:\/\/casadalpalhao.pt\/mercado\/wp-content\/uploads\/sites\/2\/2026\/03\/produto-mascote-cacholeira-mini-cacholeira-clara.png","width":1080,"height":1350},{"@type":"BreadcrumbList","@id":"https:\/\/casadalpalhao.pt\/mercado\/produto\/cacholeira-mascotes\/#breadcrumb","itemListElement":[{"@type":"ListItem","position":1,"name":"In\u00edcio","item":"https:\/\/casadalpalhao.pt\/mercado\/"},{"@type":"ListItem","position":2,"name":"Loja \u2013 Todos os produtos","item":"https:\/\/casadalpalhao.pt\/mercado\/loja-todos-os-produtos\/"},{"@type":"ListItem","position":3,"name":"\u00abCacholeira\u00bb Alfinete, Argola ou Porta-Chaves, \u00cdmane e Enfeite ou Pendente Mascotes &#8211; Orgulho Alpalhoeiro"}]},{"@type":"WebSite","@id":"https:\/\/casadalpalhao.pt\/mercado\/#website","url":"https:\/\/casadalpalhao.pt\/mercado\/","name":"Orgulho Alpalhoeiro","description":"Sereno. Simples. Vivido e Partilhado.","publisher":{"@id":"https:\/\/casadalpalhao.pt\/mercado\/#organization"},"potentialAction":[{"@type":"SearchAction","target":{"@type":"EntryPoint","urlTemplate":"https:\/\/casadalpalhao.pt\/mercado\/?s={search_term_string}"},"query-input":{"@type":"PropertyValueSpecification","valueRequired":true,"valueName":"search_term_string"}}],"inLanguage":"pt-PT"},{"@type":"Organization","@id":"https:\/\/casadalpalhao.pt\/mercado\/#organization","name":"Orgulho Alpalhoeiro","url":"https:\/\/casadalpalhao.pt\/mercado\/","logo":{"@type":"ImageObject","inLanguage":"pt-PT","@id":"https:\/\/casadalpalhao.pt\/mercado\/#\/schema\/logo\/image\/","url":"https:\/\/casadalpalhao.pt\/mercado\/wp-content\/uploads\/sites\/2\/2026\/03\/orgulhoalpalhoeiro.png","contentUrl":"https:\/\/casadalpalhao.pt\/mercado\/wp-content\/uploads\/sites\/2\/2026\/03\/orgulhoalpalhoeiro.png","width":1880,"height":440,"caption":"Orgulho Alpalhoeiro"},"image":{"@id":"https:\/\/casadalpalhao.pt\/mercado\/#\/schema\/logo\/image\/"}}]}},"_links":{"self":[{"href":"https:\/\/casadalpalhao.pt\/mercado\/wp-json\/wp\/v2\/product\/7484","targetHints":{"allow":["GET"]}}],"collection":[{"href":"https:\/\/casadalpalhao.pt\/mercado\/wp-json\/wp\/v2\/product"}],"about":[{"href":"https:\/\/casadalpalhao.pt\/mercado\/wp-json\/wp\/v2\/types\/product"}],"wp:featuredmedia":[{"embeddable":true,"href":"https:\/\/casadalpalhao.pt\/mercado\/wp-json\/wp\/v2\/media\/7558"}],"wp:attachment":[{"href":"https:\/\/casadalpalhao.pt\/mercado\/wp-json\/wp\/v2\/media?parent=7484"}],"wp:term":[{"taxonomy":"product_brand","embeddable":true,"href":"https:\/\/casadalpalhao.pt\/mercado\/wp-json\/wp\/v2\/product_brand?post=7484"},{"taxonomy":"product_cat","embeddable":true,"href":"https:\/\/casadalpalhao.pt\/mercado\/wp-json\/wp\/v2\/product_cat?post=7484"},{"taxonomy":"product_tag","embeddable":true,"href":"https:\/\/casadalpalhao.pt\/mercado\/wp-json\/wp\/v2\/product_tag?post=7484"}],"curies":[{"name":"wp","href":"https:\/\/api.w.org\/{rel}","templated":true}]}}