{"id":7280,"date":"2026-02-01T14:28:05","date_gmt":"2026-02-01T14:28:05","guid":{"rendered":"https:\/\/casadalpalhao.pt\/mercado\/?post_type=product&#038;p=7280"},"modified":"2026-03-25T08:20:23","modified_gmt":"2026-03-25T08:20:23","slug":"orgulho-alpalhoeiro-medalhas","status":"publish","type":"product","link":"https:\/\/casadalpalhao.pt\/mercado\/produto\/orgulho-alpalhoeiro-medalhas\/","title":{"rendered":"\u00abOrgulho Alpalhoeiro\u00bb <br>Alfinete, Argola ou Porta-Chaves, \u00cdmane e Enfeite ou Pendente <br><div style=\"color: #CD1C18; font-weight: 700\">Medalhas &#8211; Orgulho Alpalhoeiro<\/div>"},"content":{"rendered":"<p><strong>Descubra a Medalha \u00abOrgulho Alpalhoeiro\u00bb!<\/strong><\/p>\n<p>&nbsp;<\/p>\n<blockquote><p><em><strong>O Orgulho Alpalhoeiro nasce da terra, das m\u00e3os e do tempo.<br \/>\nVive nos chouri\u00e7os curados com paci\u00eancia e saber, nos bordados feitos ponto a ponto, nas tradi\u00e7\u00f5es que permanecem porque s\u00e3o vividas com verdade.<br \/>\n\u00c9 um orgulho sereno. \u00c9 um orgulho simples. \u00c9 um orgulho vivido e partilhado.<\/strong><\/em><\/p><\/blockquote>\n<p>&nbsp;<\/p>\n<p>A <strong>Medalha \u00abOrgulho Alpalhoeiro\u00bb<\/strong> \u00e9 um presente \u00fanico, original e tipicamente alpalhoeiro.<\/p>\n<blockquote><p><strong>Para quem vem<\/strong>, leva <strong>um pouco de Alpalh\u00e3o<\/strong>, uma <strong>recorda\u00e7\u00e3o aut\u00eantica do encanto rural e das tradi\u00e7\u00f5es alpalhoeiras.<\/strong><\/p>\n<p><strong>Para quem fica<\/strong>, esta <strong>medalha<\/strong> representa o <strong>Orgulho de Ser Alpalhoeiro<\/strong>, o <strong>sentimento de perten\u00e7a \u00e0 terra<\/strong>, evocando <strong>as mem\u00f3rias e os afetos partilhados que unem as gera\u00e7\u00f5es.<\/strong><\/p><\/blockquote>\n<p>&nbsp;<\/p>\n<p>As <a href=\"https:\/\/casadalpalhao.pt\/mercado\/categoria-produto\/loja-orgulho-alpalhoeiro-medalhas\/\"><strong>Medalhas Alpalhoeiras<\/strong><\/a> representam o <strong>Orgulho Alpalhoeiro.<\/strong> S\u00e3o pequenos pormenores, para que quem vive ou visita a vila possa usar um pouco do seu esp\u00edrito. Como argola ou \u00edmane, as medalhas viajam em chaves e vivem em frigor\u00edficos. Com uma fita ou um cord\u00e3o, acompanham quem as usa com originalidade e fantasia como pulseira, colar ou alfinete, levando Alpalh\u00e3o pelo mundo \u2013 porque o \u00a0<a href=\"https:\/\/casadalpalhao.pt\/mercado\/categoria-produto\/loja-orgulho-alpalhoeiro\/\"><strong>Orgulho Alpalhoeiro<\/strong><\/a> sente-se em cada pormenor, quando acompanha quem o usa consigo.<\/p>\n<p>Vivem todas em casas pr\u00f3ximas e distantes, e sempre que algu\u00e9m leva consigo uma <strong>medalha<\/strong>, leva tamb\u00e9m um convite silencioso \u2013 <strong>Voltar a Alpalh\u00e3o. E sentir que Alpalh\u00e3o \u00e9 casa!<\/strong><\/p>\n<p>&nbsp;<\/p>\n<p><strong>Composi\u00e7\u00e3o<\/strong><br \/>\nMedalha \u00abOrgulho Alpalhoeiro\u00bb de a\u00e7o inoxid\u00e1vel com fita de algod\u00e3o puro.<\/p>\n<p><strong>Dimens\u00f5es<\/strong><br \/>\nMedalha &#8211; Di\u00e2metro: 3 cm<\/p>\n<p><em>Todos os produtos s\u00e3o feitos \u00e0 m\u00e3o e, por isso, s\u00e3o \u00fanicos. Podem apresentar ligeiras varia\u00e7\u00f5es em rela\u00e7\u00e3o \u00e0s imagens e descri\u00e7\u00f5es, pr\u00f3prias do trabalho manual \u2013 pequenas diferen\u00e7as que representam a sua autenticidade.<\/em><\/p>\n<p><strong>Feito em Portugal<\/strong><\/p>\n","protected":false},"excerpt":{"rendered":"<p>Descubra a Medalha \u00abOrgulho Alpalhoeiro\u00bb! &nbsp; O Orgulho Alpalhoeiro nasce da terra, das m\u00e3os e do tempo. Vive nos chouri\u00e7os&#8230;<\/p>\n","protected":false},"featured_media":0,"template":"","meta":[],"product_brand":[],"product_cat":[220,216],"product_tag":[],"class_list":{"0":"post-7280","1":"product","2":"type-product","3":"status-publish","5":"product_cat-loja-orgulho-alpalhoeiro-medalhas","6":"product_cat-loja-orgulho-alpalhoeiro","8":"first","9":"instock","10":"shipping-taxable","11":"purchasable","12":"product-type-variable"},"yoast_head":"<!-- This site is optimized with the Yoast SEO plugin v27.5 - https:\/\/yoast.com\/product\/yoast-seo-wordpress\/ -->\n<title>Medalha \u00abOrgulho Alpalhoeiro\u00bb<\/title>\n<meta name=\"description\" content=\"Como alfinete, argola ou porta-chaves, \u00edmane, enfeite ou pendente, a Medalha \u00abOrgulho Alpalhoeiro\u00bb acompanha, viaja em chaves e vive em frigor\u00edficos.\" \/>\n<meta name=\"robots\" content=\"index, follow, max-snippet:-1, max-image-preview:large, max-video-preview:-1\" \/>\n<link rel=\"canonical\" href=\"https:\/\/casadalpalhao.pt\/mercado\/produto\/orgulho-alpalhoeiro-medalhas\/\" \/>\n<meta property=\"og:locale\" content=\"pt_PT\" \/>\n<meta property=\"og:type\" content=\"article\" \/>\n<meta property=\"og:title\" content=\"Medalha \u00abOrgulho Alpalhoeiro\u00bb\" \/>\n<meta property=\"og:description\" content=\"Como alfinete, argola ou porta-chaves, \u00edmane, enfeite ou pendente, a Medalha \u00abOrgulho Alpalhoeiro\u00bb acompanha, viaja em chaves e vive em frigor\u00edficos.\" \/>\n<meta property=\"og:url\" content=\"https:\/\/casadalpalhao.pt\/mercado\/produto\/orgulho-alpalhoeiro-medalhas\/\" \/>\n<meta property=\"og:site_name\" content=\"Orgulho Alpalhoeiro\" \/>\n<meta property=\"article:modified_time\" content=\"2026-03-25T08:20:23+00:00\" \/>\n<meta name=\"twitter:card\" content=\"summary_large_image\" \/>\n<meta name=\"twitter:label1\" content=\"Tempo estimado de leitura\" \/>\n\t<meta name=\"twitter:data1\" content=\"1 minuto\" \/>\n<script type=\"application\/ld+json\" class=\"yoast-schema-graph\">{\"@context\":\"https:\\\/\\\/schema.org\",\"@graph\":[{\"@type\":\"WebPage\",\"@id\":\"https:\\\/\\\/casadalpalhao.pt\\\/mercado\\\/produto\\\/orgulho-alpalhoeiro-medalhas\\\/\",\"url\":\"https:\\\/\\\/casadalpalhao.pt\\\/mercado\\\/produto\\\/orgulho-alpalhoeiro-medalhas\\\/\",\"name\":\"Medalha \u00abOrgulho Alpalhoeiro\u00bb\",\"isPartOf\":{\"@id\":\"https:\\\/\\\/casadalpalhao.pt\\\/mercado\\\/#website\"},\"datePublished\":\"2026-02-01T14:28:05+00:00\",\"dateModified\":\"2026-03-25T08:20:23+00:00\",\"description\":\"Como alfinete, argola ou porta-chaves, \u00edmane, enfeite ou pendente, a Medalha \u00abOrgulho Alpalhoeiro\u00bb acompanha, viaja em chaves e vive em frigor\u00edficos.\",\"breadcrumb\":{\"@id\":\"https:\\\/\\\/casadalpalhao.pt\\\/mercado\\\/produto\\\/orgulho-alpalhoeiro-medalhas\\\/#breadcrumb\"},\"inLanguage\":\"pt-PT\",\"potentialAction\":[{\"@type\":\"ReadAction\",\"target\":[\"https:\\\/\\\/casadalpalhao.pt\\\/mercado\\\/produto\\\/orgulho-alpalhoeiro-medalhas\\\/\"]}]},{\"@type\":\"BreadcrumbList\",\"@id\":\"https:\\\/\\\/casadalpalhao.pt\\\/mercado\\\/produto\\\/orgulho-alpalhoeiro-medalhas\\\/#breadcrumb\",\"itemListElement\":[{\"@type\":\"ListItem\",\"position\":1,\"name\":\"In\u00edcio\",\"item\":\"https:\\\/\\\/casadalpalhao.pt\\\/mercado\\\/\"},{\"@type\":\"ListItem\",\"position\":2,\"name\":\"Loja \u2013 Todos os produtos\",\"item\":\"https:\\\/\\\/casadalpalhao.pt\\\/mercado\\\/loja-todos-os-produtos\\\/\"},{\"@type\":\"ListItem\",\"position\":3,\"name\":\"\u00abOrgulho Alpalhoeiro\u00bb Alfinete, Argola ou Porta-Chaves, \u00cdmane e Enfeite ou Pendente Medalhas &#8211; Orgulho Alpalhoeiro\"}]},{\"@type\":\"WebSite\",\"@id\":\"https:\\\/\\\/casadalpalhao.pt\\\/mercado\\\/#website\",\"url\":\"https:\\\/\\\/casadalpalhao.pt\\\/mercado\\\/\",\"name\":\"Orgulho Alpalhoeiro\",\"description\":\"Sereno. Simples. Vivido e Partilhado.\",\"publisher\":{\"@id\":\"https:\\\/\\\/casadalpalhao.pt\\\/mercado\\\/#organization\"},\"potentialAction\":[{\"@type\":\"SearchAction\",\"target\":{\"@type\":\"EntryPoint\",\"urlTemplate\":\"https:\\\/\\\/casadalpalhao.pt\\\/mercado\\\/?s={search_term_string}\"},\"query-input\":{\"@type\":\"PropertyValueSpecification\",\"valueRequired\":true,\"valueName\":\"search_term_string\"}}],\"inLanguage\":\"pt-PT\"},{\"@type\":\"Organization\",\"@id\":\"https:\\\/\\\/casadalpalhao.pt\\\/mercado\\\/#organization\",\"name\":\"Orgulho Alpalhoeiro\",\"url\":\"https:\\\/\\\/casadalpalhao.pt\\\/mercado\\\/\",\"logo\":{\"@type\":\"ImageObject\",\"inLanguage\":\"pt-PT\",\"@id\":\"https:\\\/\\\/casadalpalhao.pt\\\/mercado\\\/#\\\/schema\\\/logo\\\/image\\\/\",\"url\":\"https:\\\/\\\/casadalpalhao.pt\\\/mercado\\\/wp-content\\\/uploads\\\/sites\\\/2\\\/2026\\\/03\\\/orgulhoalpalhoeiro.png\",\"contentUrl\":\"https:\\\/\\\/casadalpalhao.pt\\\/mercado\\\/wp-content\\\/uploads\\\/sites\\\/2\\\/2026\\\/03\\\/orgulhoalpalhoeiro.png\",\"width\":1880,\"height\":440,\"caption\":\"Orgulho Alpalhoeiro\"},\"image\":{\"@id\":\"https:\\\/\\\/casadalpalhao.pt\\\/mercado\\\/#\\\/schema\\\/logo\\\/image\\\/\"}}]}<\/script>\n<!-- \/ Yoast SEO plugin. -->","yoast_head_json":{"title":"Medalha \u00abOrgulho Alpalhoeiro\u00bb","description":"Como alfinete, argola ou porta-chaves, \u00edmane, enfeite ou pendente, a Medalha \u00abOrgulho Alpalhoeiro\u00bb acompanha, viaja em chaves e vive em frigor\u00edficos.","robots":{"index":"index","follow":"follow","max-snippet":"max-snippet:-1","max-image-preview":"max-image-preview:large","max-video-preview":"max-video-preview:-1"},"canonical":"https:\/\/casadalpalhao.pt\/mercado\/produto\/orgulho-alpalhoeiro-medalhas\/","og_locale":"pt_PT","og_type":"article","og_title":"Medalha \u00abOrgulho Alpalhoeiro\u00bb","og_description":"Como alfinete, argola ou porta-chaves, \u00edmane, enfeite ou pendente, a Medalha \u00abOrgulho Alpalhoeiro\u00bb acompanha, viaja em chaves e vive em frigor\u00edficos.","og_url":"https:\/\/casadalpalhao.pt\/mercado\/produto\/orgulho-alpalhoeiro-medalhas\/","og_site_name":"Orgulho Alpalhoeiro","article_modified_time":"2026-03-25T08:20:23+00:00","twitter_card":"summary_large_image","twitter_misc":{"Tempo estimado de leitura":"1 minuto"},"schema":{"@context":"https:\/\/schema.org","@graph":[{"@type":"WebPage","@id":"https:\/\/casadalpalhao.pt\/mercado\/produto\/orgulho-alpalhoeiro-medalhas\/","url":"https:\/\/casadalpalhao.pt\/mercado\/produto\/orgulho-alpalhoeiro-medalhas\/","name":"Medalha \u00abOrgulho Alpalhoeiro\u00bb","isPartOf":{"@id":"https:\/\/casadalpalhao.pt\/mercado\/#website"},"datePublished":"2026-02-01T14:28:05+00:00","dateModified":"2026-03-25T08:20:23+00:00","description":"Como alfinete, argola ou porta-chaves, \u00edmane, enfeite ou pendente, a Medalha \u00abOrgulho Alpalhoeiro\u00bb acompanha, viaja em chaves e vive em frigor\u00edficos.","breadcrumb":{"@id":"https:\/\/casadalpalhao.pt\/mercado\/produto\/orgulho-alpalhoeiro-medalhas\/#breadcrumb"},"inLanguage":"pt-PT","potentialAction":[{"@type":"ReadAction","target":["https:\/\/casadalpalhao.pt\/mercado\/produto\/orgulho-alpalhoeiro-medalhas\/"]}]},{"@type":"BreadcrumbList","@id":"https:\/\/casadalpalhao.pt\/mercado\/produto\/orgulho-alpalhoeiro-medalhas\/#breadcrumb","itemListElement":[{"@type":"ListItem","position":1,"name":"In\u00edcio","item":"https:\/\/casadalpalhao.pt\/mercado\/"},{"@type":"ListItem","position":2,"name":"Loja \u2013 Todos os produtos","item":"https:\/\/casadalpalhao.pt\/mercado\/loja-todos-os-produtos\/"},{"@type":"ListItem","position":3,"name":"\u00abOrgulho Alpalhoeiro\u00bb Alfinete, Argola ou Porta-Chaves, \u00cdmane e Enfeite ou Pendente Medalhas &#8211; Orgulho Alpalhoeiro"}]},{"@type":"WebSite","@id":"https:\/\/casadalpalhao.pt\/mercado\/#website","url":"https:\/\/casadalpalhao.pt\/mercado\/","name":"Orgulho Alpalhoeiro","description":"Sereno. Simples. Vivido e Partilhado.","publisher":{"@id":"https:\/\/casadalpalhao.pt\/mercado\/#organization"},"potentialAction":[{"@type":"SearchAction","target":{"@type":"EntryPoint","urlTemplate":"https:\/\/casadalpalhao.pt\/mercado\/?s={search_term_string}"},"query-input":{"@type":"PropertyValueSpecification","valueRequired":true,"valueName":"search_term_string"}}],"inLanguage":"pt-PT"},{"@type":"Organization","@id":"https:\/\/casadalpalhao.pt\/mercado\/#organization","name":"Orgulho Alpalhoeiro","url":"https:\/\/casadalpalhao.pt\/mercado\/","logo":{"@type":"ImageObject","inLanguage":"pt-PT","@id":"https:\/\/casadalpalhao.pt\/mercado\/#\/schema\/logo\/image\/","url":"https:\/\/casadalpalhao.pt\/mercado\/wp-content\/uploads\/sites\/2\/2026\/03\/orgulhoalpalhoeiro.png","contentUrl":"https:\/\/casadalpalhao.pt\/mercado\/wp-content\/uploads\/sites\/2\/2026\/03\/orgulhoalpalhoeiro.png","width":1880,"height":440,"caption":"Orgulho Alpalhoeiro"},"image":{"@id":"https:\/\/casadalpalhao.pt\/mercado\/#\/schema\/logo\/image\/"}}]}},"_links":{"self":[{"href":"https:\/\/casadalpalhao.pt\/mercado\/wp-json\/wp\/v2\/product\/7280","targetHints":{"allow":["GET"]}}],"collection":[{"href":"https:\/\/casadalpalhao.pt\/mercado\/wp-json\/wp\/v2\/product"}],"about":[{"href":"https:\/\/casadalpalhao.pt\/mercado\/wp-json\/wp\/v2\/types\/product"}],"wp:attachment":[{"href":"https:\/\/casadalpalhao.pt\/mercado\/wp-json\/wp\/v2\/media?parent=7280"}],"wp:term":[{"taxonomy":"product_brand","embeddable":true,"href":"https:\/\/casadalpalhao.pt\/mercado\/wp-json\/wp\/v2\/product_brand?post=7280"},{"taxonomy":"product_cat","embeddable":true,"href":"https:\/\/casadalpalhao.pt\/mercado\/wp-json\/wp\/v2\/product_cat?post=7280"},{"taxonomy":"product_tag","embeddable":true,"href":"https:\/\/casadalpalhao.pt\/mercado\/wp-json\/wp\/v2\/product_tag?post=7280"}],"curies":[{"name":"wp","href":"https:\/\/api.w.org\/{rel}","templated":true}]}}