{"id":6074,"date":"2025-12-14T21:24:15","date_gmt":"2025-12-14T21:24:15","guid":{"rendered":"https:\/\/casadalpalhao.pt\/mercado\/?post_type=product&#038;p=6074"},"modified":"2026-03-25T07:17:59","modified_gmt":"2026-03-25T07:17:59","slug":"cravo-crochetado-a-mao-pequeno","status":"publish","type":"product","link":"https:\/\/casadalpalhao.pt\/mercado\/produto\/cravo-crochetado-a-mao-pequeno\/","title":{"rendered":"Cravos Alpalhoeiros [pequeno] <br>Original, Alfinete, Argola ou Porta-Chaves, \u00cdmane e Enfeite ou Pendente"},"content":{"rendered":"<p><strong>Cravo crochetado \u00e0 m\u00e3o com fio de algod\u00e3o puro!<\/strong><\/p>\n<p>&nbsp;<\/p>\n<p><strong>Flores dos Deuses, do Amor e da Liberdade<\/strong><\/p>\n<p><strong>Flor de J\u00fapiter<\/strong> na mitologia romana e flor divina na Gr\u00e9cia Antiga, o Dianthus \u2013 <em>dios<\/em> ou divino e <em>anthos<\/em> ou flor \u2013 \u00e9 a <strong>Flor dos Deuses.\u00a0<\/strong>Na tradi\u00e7\u00e3o crist\u00e3, os <strong>Cravos Brancos<\/strong> nasceram das l\u00e1grimas da Virgem Maria e representam o <strong>Amor de M\u00e3e.<\/strong> Nos <strong>Santos Populares<\/strong>, os cravos s\u00e3o os <strong>Mensageiros do Amor<\/strong> num manjerico.\u00a0Os cravos s\u00e3o um s\u00edmbolo de <strong>Amor e Paix\u00e3o.<\/strong> Os <strong>Cravos Vermelhos \u2013 Cravos da Liberdade<\/strong> sa\u00edram \u00e0 rua na <strong>Revolu\u00e7\u00e3o dos Cravos<\/strong> e continuam <strong>a semear e a florir a Liberdade.\u00a0<\/strong><strong>Uma atitude\u2026 um sopro essencial de vida!<\/strong><\/p>\n<p>&nbsp;<\/p>\n<p>Os <a href=\"https:\/\/casadalpalhao.pt\/mercado\/blog\/cravos-alpalhoeiros\/\"><strong>Cravos Alpalhoeiros<\/strong><\/a> s\u00e3o 100% portugueses, n\u00e3o murcham e podemos ficar com eles para sempre. Ao peito, no chap\u00e9u ou onde quiser, use os cravos\u00a0com fantasia e originalidade. Crochetados com fio de algod\u00e3o puro, os <strong>Cravos Alpalhoeiros<\/strong> s\u00e3o um <strong>presente original e tipicamente alpalhoeiro.<\/strong><\/p>\n<p>Para fixar com um <strong>\u00edman<\/strong> e decorar, prender com uma <strong>argola<\/strong> \u00e0s suas chaves ou ainda usar como <strong>alfinete.<\/strong> Para <strong>marcar as p\u00e1ginas<\/strong> de um livro ou <strong>enfeitar o embrulho de um presente.<\/strong><\/p>\n<p>Descubra <a href=\"https:\/\/casadalpalhao.pt\/mercado\/blog\/como-usar-os-cravos-alpalhoeiros\/\" target=\"_blank\" rel=\"noopener\"><strong>Como usar os Cravos Alpalhoeiros!<\/strong><\/a><\/p>\n<p>&nbsp;<\/p>\n<p>As <strong>flores<\/strong>, associadas \u00e0 express\u00e3o art\u00edstica popular de <strong>Alpalh\u00e3o<\/strong>, d\u00e3o uma profundidade \u00fanica ao simbolismo da arte de bordar os xailes e cobertores evocando ainda hist\u00f3rias, lendas e tradi\u00e7\u00f5es. <strong>Cravos<\/strong> e <strong>rosas<\/strong>, <strong>malmequeres<\/strong> e outras flores dan\u00e7am entre ramagens em composi\u00e7\u00f5es que expressam a identidade e as tradi\u00e7\u00f5es alpalhoeiras.<\/p>\n<blockquote><p><strong>Para quem vem<\/strong>, leva <strong>um pouco de Alpalh\u00e3o<\/strong>, uma <strong>recorda\u00e7\u00e3o aut\u00eantica do encanto rural e das tradi\u00e7\u00f5es alpalhoeiras.<\/strong><\/p>\n<p><strong>Para quem fica<\/strong>, este <strong>cravo<\/strong> representa o <strong>Orgulho de Ser Alpalhoeiro<\/strong>, o <strong>sentimento de perten\u00e7a \u00e0 terra<\/strong>, evocando <strong>as mem\u00f3rias e os afetos partilhados que unem as gera\u00e7\u00f5es.<\/strong><\/p><\/blockquote>\n<p>Ofere\u00e7a um presente original numa <a href=\"https:\/\/casadalpalhao.pt\/mercado\/produto\/caixa-de-cartao-reciclado-com-palha\/\" target=\"_blank\" rel=\"noopener\"><strong>caixa de cart\u00e3o reciclado com palha<\/strong><\/a> ou <a href=\"https:\/\/casadalpalhao.pt\/mercado\/produto\/saco-de-pano\/\" target=\"_blank\" rel=\"noopener\"><strong>saco de pano<\/strong><\/a>!<\/p>\n<p>&nbsp;<\/p>\n<p><strong>Composi\u00e7\u00e3o<\/strong><br \/>\nCravo crochetado \u00e0 m\u00e3o com fio de algod\u00e3o puro.<\/p>\n<p><strong>Dimens\u00f5es<\/strong><br \/>\nDi\u00e2metro da flor: aprox. 6 cm<\/p>\n<p><em>Todos os produtos s\u00e3o feitos \u00e0 m\u00e3o e, por isso, s\u00e3o \u00fanicos. Podem apresentar ligeiras varia\u00e7\u00f5es em rela\u00e7\u00e3o \u00e0s imagens e descri\u00e7\u00f5es, pr\u00f3prias do trabalho manual \u2013 pequenas diferen\u00e7as que representam a sua autenticidade.<\/em><\/p>\n<p><strong>Cravo crochetado \u00e0 m\u00e3o com fio de algod\u00e3o puro em Portugal<\/strong><\/p>\n","protected":false},"excerpt":{"rendered":"<p>Cravo crochetado \u00e0 m\u00e3o com fio de algod\u00e3o puro! &nbsp; Flores dos Deuses, do Amor e da Liberdade Flor de&#8230;<\/p>\n","protected":false},"featured_media":6943,"template":"","meta":[],"product_brand":[],"product_cat":[222,96,195],"product_tag":[],"class_list":{"0":"post-6074","1":"product","2":"type-product","3":"status-publish","4":"has-post-thumbnail","6":"product_cat-loja-cravos","7":"product_cat-loja-flores","8":"product_cat-loja-vitrina","10":"first","11":"instock","12":"shipping-taxable","13":"purchasable","14":"product-type-variable"},"yoast_head":"<!-- This site is optimized with the Yoast SEO plugin v27.5 - https:\/\/yoast.com\/product\/yoast-seo-wordpress\/ -->\n<title>Cravo crochetado \u00e0 m\u00e3o com fio de algod\u00e3o puro!<\/title>\n<meta name=\"description\" content=\"Use este cravo crochetado \u00e0 m\u00e3o com fio de algod\u00e3o puro com fantasia e originalidade, pendure-o ou ofere\u00e7a-o como um presente!\" \/>\n<meta name=\"robots\" content=\"index, follow, max-snippet:-1, max-image-preview:large, max-video-preview:-1\" \/>\n<link rel=\"canonical\" href=\"https:\/\/casadalpalhao.pt\/mercado\/produto\/cravo-crochetado-a-mao-pequeno\/\" \/>\n<meta property=\"og:locale\" content=\"pt_PT\" \/>\n<meta property=\"og:type\" content=\"article\" \/>\n<meta property=\"og:title\" content=\"Cravo crochetado \u00e0 m\u00e3o com fio de algod\u00e3o puro!\" \/>\n<meta property=\"og:description\" content=\"Use este cravo crochetado \u00e0 m\u00e3o com fio de algod\u00e3o puro com fantasia e originalidade, pendure-o ou ofere\u00e7a-o como um presente!\" \/>\n<meta property=\"og:url\" content=\"https:\/\/casadalpalhao.pt\/mercado\/produto\/cravo-crochetado-a-mao-pequeno\/\" \/>\n<meta property=\"og:site_name\" content=\"Orgulho Alpalhoeiro\" \/>\n<meta property=\"article:modified_time\" content=\"2026-03-25T07:17:59+00:00\" \/>\n<meta property=\"og:image\" content=\"https:\/\/casadalpalhao.pt\/mercado\/wp-content\/uploads\/sites\/2\/2025\/11\/produto-cravos-da-liberdade-819x1024.png\" \/>\n\t<meta property=\"og:image:width\" content=\"819\" \/>\n\t<meta property=\"og:image:height\" content=\"1024\" \/>\n\t<meta property=\"og:image:type\" content=\"image\/png\" \/>\n<meta name=\"twitter:card\" content=\"summary_large_image\" \/>\n<meta name=\"twitter:label1\" content=\"Tempo estimado de leitura\" \/>\n\t<meta name=\"twitter:data1\" content=\"2 minutos\" \/>\n<script type=\"application\/ld+json\" class=\"yoast-schema-graph\">{\"@context\":\"https:\\\/\\\/schema.org\",\"@graph\":[{\"@type\":\"WebPage\",\"@id\":\"https:\\\/\\\/casadalpalhao.pt\\\/mercado\\\/produto\\\/cravo-crochetado-a-mao-pequeno\\\/\",\"url\":\"https:\\\/\\\/casadalpalhao.pt\\\/mercado\\\/produto\\\/cravo-crochetado-a-mao-pequeno\\\/\",\"name\":\"Cravo crochetado \u00e0 m\u00e3o com fio de algod\u00e3o puro!\",\"isPartOf\":{\"@id\":\"https:\\\/\\\/casadalpalhao.pt\\\/mercado\\\/#website\"},\"primaryImageOfPage\":{\"@id\":\"https:\\\/\\\/casadalpalhao.pt\\\/mercado\\\/produto\\\/cravo-crochetado-a-mao-pequeno\\\/#primaryimage\"},\"image\":{\"@id\":\"https:\\\/\\\/casadalpalhao.pt\\\/mercado\\\/produto\\\/cravo-crochetado-a-mao-pequeno\\\/#primaryimage\"},\"thumbnailUrl\":\"https:\\\/\\\/casadalpalhao.pt\\\/mercado\\\/wp-content\\\/uploads\\\/sites\\\/2\\\/2025\\\/11\\\/produto-cravos-da-liberdade.png\",\"datePublished\":\"2025-12-14T21:24:15+00:00\",\"dateModified\":\"2026-03-25T07:17:59+00:00\",\"description\":\"Use este cravo crochetado \u00e0 m\u00e3o com fio de algod\u00e3o puro com fantasia e originalidade, pendure-o ou ofere\u00e7a-o como um presente!\",\"breadcrumb\":{\"@id\":\"https:\\\/\\\/casadalpalhao.pt\\\/mercado\\\/produto\\\/cravo-crochetado-a-mao-pequeno\\\/#breadcrumb\"},\"inLanguage\":\"pt-PT\",\"potentialAction\":[{\"@type\":\"ReadAction\",\"target\":[\"https:\\\/\\\/casadalpalhao.pt\\\/mercado\\\/produto\\\/cravo-crochetado-a-mao-pequeno\\\/\"]}]},{\"@type\":\"ImageObject\",\"inLanguage\":\"pt-PT\",\"@id\":\"https:\\\/\\\/casadalpalhao.pt\\\/mercado\\\/produto\\\/cravo-crochetado-a-mao-pequeno\\\/#primaryimage\",\"url\":\"https:\\\/\\\/casadalpalhao.pt\\\/mercado\\\/wp-content\\\/uploads\\\/sites\\\/2\\\/2025\\\/11\\\/produto-cravos-da-liberdade.png\",\"contentUrl\":\"https:\\\/\\\/casadalpalhao.pt\\\/mercado\\\/wp-content\\\/uploads\\\/sites\\\/2\\\/2025\\\/11\\\/produto-cravos-da-liberdade.png\",\"width\":1080,\"height\":1350},{\"@type\":\"BreadcrumbList\",\"@id\":\"https:\\\/\\\/casadalpalhao.pt\\\/mercado\\\/produto\\\/cravo-crochetado-a-mao-pequeno\\\/#breadcrumb\",\"itemListElement\":[{\"@type\":\"ListItem\",\"position\":1,\"name\":\"In\u00edcio\",\"item\":\"https:\\\/\\\/casadalpalhao.pt\\\/mercado\\\/\"},{\"@type\":\"ListItem\",\"position\":2,\"name\":\"Loja \u2013 Todos os produtos\",\"item\":\"https:\\\/\\\/casadalpalhao.pt\\\/mercado\\\/loja-todos-os-produtos\\\/\"},{\"@type\":\"ListItem\",\"position\":3,\"name\":\"Cravos Alpalhoeiros [pequeno] Original, Alfinete, Argola ou Porta-Chaves, \u00cdmane e Enfeite ou Pendente\"}]},{\"@type\":\"WebSite\",\"@id\":\"https:\\\/\\\/casadalpalhao.pt\\\/mercado\\\/#website\",\"url\":\"https:\\\/\\\/casadalpalhao.pt\\\/mercado\\\/\",\"name\":\"Orgulho Alpalhoeiro\",\"description\":\"Sereno. Simples. Vivido e Partilhado.\",\"publisher\":{\"@id\":\"https:\\\/\\\/casadalpalhao.pt\\\/mercado\\\/#organization\"},\"potentialAction\":[{\"@type\":\"SearchAction\",\"target\":{\"@type\":\"EntryPoint\",\"urlTemplate\":\"https:\\\/\\\/casadalpalhao.pt\\\/mercado\\\/?s={search_term_string}\"},\"query-input\":{\"@type\":\"PropertyValueSpecification\",\"valueRequired\":true,\"valueName\":\"search_term_string\"}}],\"inLanguage\":\"pt-PT\"},{\"@type\":\"Organization\",\"@id\":\"https:\\\/\\\/casadalpalhao.pt\\\/mercado\\\/#organization\",\"name\":\"Orgulho Alpalhoeiro\",\"url\":\"https:\\\/\\\/casadalpalhao.pt\\\/mercado\\\/\",\"logo\":{\"@type\":\"ImageObject\",\"inLanguage\":\"pt-PT\",\"@id\":\"https:\\\/\\\/casadalpalhao.pt\\\/mercado\\\/#\\\/schema\\\/logo\\\/image\\\/\",\"url\":\"https:\\\/\\\/casadalpalhao.pt\\\/mercado\\\/wp-content\\\/uploads\\\/sites\\\/2\\\/2026\\\/03\\\/orgulhoalpalhoeiro.png\",\"contentUrl\":\"https:\\\/\\\/casadalpalhao.pt\\\/mercado\\\/wp-content\\\/uploads\\\/sites\\\/2\\\/2026\\\/03\\\/orgulhoalpalhoeiro.png\",\"width\":1880,\"height\":440,\"caption\":\"Orgulho Alpalhoeiro\"},\"image\":{\"@id\":\"https:\\\/\\\/casadalpalhao.pt\\\/mercado\\\/#\\\/schema\\\/logo\\\/image\\\/\"}}]}<\/script>\n<!-- \/ Yoast SEO plugin. -->","yoast_head_json":{"title":"Cravo crochetado \u00e0 m\u00e3o com fio de algod\u00e3o puro!","description":"Use este cravo crochetado \u00e0 m\u00e3o com fio de algod\u00e3o puro com fantasia e originalidade, pendure-o ou ofere\u00e7a-o como um presente!","robots":{"index":"index","follow":"follow","max-snippet":"max-snippet:-1","max-image-preview":"max-image-preview:large","max-video-preview":"max-video-preview:-1"},"canonical":"https:\/\/casadalpalhao.pt\/mercado\/produto\/cravo-crochetado-a-mao-pequeno\/","og_locale":"pt_PT","og_type":"article","og_title":"Cravo crochetado \u00e0 m\u00e3o com fio de algod\u00e3o puro!","og_description":"Use este cravo crochetado \u00e0 m\u00e3o com fio de algod\u00e3o puro com fantasia e originalidade, pendure-o ou ofere\u00e7a-o como um presente!","og_url":"https:\/\/casadalpalhao.pt\/mercado\/produto\/cravo-crochetado-a-mao-pequeno\/","og_site_name":"Orgulho Alpalhoeiro","article_modified_time":"2026-03-25T07:17:59+00:00","og_image":[{"width":819,"height":1024,"url":"https:\/\/casadalpalhao.pt\/mercado\/wp-content\/uploads\/sites\/2\/2025\/11\/produto-cravos-da-liberdade-819x1024.png","type":"image\/png"}],"twitter_card":"summary_large_image","twitter_misc":{"Tempo estimado de leitura":"2 minutos"},"schema":{"@context":"https:\/\/schema.org","@graph":[{"@type":"WebPage","@id":"https:\/\/casadalpalhao.pt\/mercado\/produto\/cravo-crochetado-a-mao-pequeno\/","url":"https:\/\/casadalpalhao.pt\/mercado\/produto\/cravo-crochetado-a-mao-pequeno\/","name":"Cravo crochetado \u00e0 m\u00e3o com fio de algod\u00e3o puro!","isPartOf":{"@id":"https:\/\/casadalpalhao.pt\/mercado\/#website"},"primaryImageOfPage":{"@id":"https:\/\/casadalpalhao.pt\/mercado\/produto\/cravo-crochetado-a-mao-pequeno\/#primaryimage"},"image":{"@id":"https:\/\/casadalpalhao.pt\/mercado\/produto\/cravo-crochetado-a-mao-pequeno\/#primaryimage"},"thumbnailUrl":"https:\/\/casadalpalhao.pt\/mercado\/wp-content\/uploads\/sites\/2\/2025\/11\/produto-cravos-da-liberdade.png","datePublished":"2025-12-14T21:24:15+00:00","dateModified":"2026-03-25T07:17:59+00:00","description":"Use este cravo crochetado \u00e0 m\u00e3o com fio de algod\u00e3o puro com fantasia e originalidade, pendure-o ou ofere\u00e7a-o como um presente!","breadcrumb":{"@id":"https:\/\/casadalpalhao.pt\/mercado\/produto\/cravo-crochetado-a-mao-pequeno\/#breadcrumb"},"inLanguage":"pt-PT","potentialAction":[{"@type":"ReadAction","target":["https:\/\/casadalpalhao.pt\/mercado\/produto\/cravo-crochetado-a-mao-pequeno\/"]}]},{"@type":"ImageObject","inLanguage":"pt-PT","@id":"https:\/\/casadalpalhao.pt\/mercado\/produto\/cravo-crochetado-a-mao-pequeno\/#primaryimage","url":"https:\/\/casadalpalhao.pt\/mercado\/wp-content\/uploads\/sites\/2\/2025\/11\/produto-cravos-da-liberdade.png","contentUrl":"https:\/\/casadalpalhao.pt\/mercado\/wp-content\/uploads\/sites\/2\/2025\/11\/produto-cravos-da-liberdade.png","width":1080,"height":1350},{"@type":"BreadcrumbList","@id":"https:\/\/casadalpalhao.pt\/mercado\/produto\/cravo-crochetado-a-mao-pequeno\/#breadcrumb","itemListElement":[{"@type":"ListItem","position":1,"name":"In\u00edcio","item":"https:\/\/casadalpalhao.pt\/mercado\/"},{"@type":"ListItem","position":2,"name":"Loja \u2013 Todos os produtos","item":"https:\/\/casadalpalhao.pt\/mercado\/loja-todos-os-produtos\/"},{"@type":"ListItem","position":3,"name":"Cravos Alpalhoeiros [pequeno] Original, Alfinete, Argola ou Porta-Chaves, \u00cdmane e Enfeite ou Pendente"}]},{"@type":"WebSite","@id":"https:\/\/casadalpalhao.pt\/mercado\/#website","url":"https:\/\/casadalpalhao.pt\/mercado\/","name":"Orgulho Alpalhoeiro","description":"Sereno. Simples. Vivido e Partilhado.","publisher":{"@id":"https:\/\/casadalpalhao.pt\/mercado\/#organization"},"potentialAction":[{"@type":"SearchAction","target":{"@type":"EntryPoint","urlTemplate":"https:\/\/casadalpalhao.pt\/mercado\/?s={search_term_string}"},"query-input":{"@type":"PropertyValueSpecification","valueRequired":true,"valueName":"search_term_string"}}],"inLanguage":"pt-PT"},{"@type":"Organization","@id":"https:\/\/casadalpalhao.pt\/mercado\/#organization","name":"Orgulho Alpalhoeiro","url":"https:\/\/casadalpalhao.pt\/mercado\/","logo":{"@type":"ImageObject","inLanguage":"pt-PT","@id":"https:\/\/casadalpalhao.pt\/mercado\/#\/schema\/logo\/image\/","url":"https:\/\/casadalpalhao.pt\/mercado\/wp-content\/uploads\/sites\/2\/2026\/03\/orgulhoalpalhoeiro.png","contentUrl":"https:\/\/casadalpalhao.pt\/mercado\/wp-content\/uploads\/sites\/2\/2026\/03\/orgulhoalpalhoeiro.png","width":1880,"height":440,"caption":"Orgulho Alpalhoeiro"},"image":{"@id":"https:\/\/casadalpalhao.pt\/mercado\/#\/schema\/logo\/image\/"}}]}},"_links":{"self":[{"href":"https:\/\/casadalpalhao.pt\/mercado\/wp-json\/wp\/v2\/product\/6074","targetHints":{"allow":["GET"]}}],"collection":[{"href":"https:\/\/casadalpalhao.pt\/mercado\/wp-json\/wp\/v2\/product"}],"about":[{"href":"https:\/\/casadalpalhao.pt\/mercado\/wp-json\/wp\/v2\/types\/product"}],"wp:featuredmedia":[{"embeddable":true,"href":"https:\/\/casadalpalhao.pt\/mercado\/wp-json\/wp\/v2\/media\/6943"}],"wp:attachment":[{"href":"https:\/\/casadalpalhao.pt\/mercado\/wp-json\/wp\/v2\/media?parent=6074"}],"wp:term":[{"taxonomy":"product_brand","embeddable":true,"href":"https:\/\/casadalpalhao.pt\/mercado\/wp-json\/wp\/v2\/product_brand?post=6074"},{"taxonomy":"product_cat","embeddable":true,"href":"https:\/\/casadalpalhao.pt\/mercado\/wp-json\/wp\/v2\/product_cat?post=6074"},{"taxonomy":"product_tag","embeddable":true,"href":"https:\/\/casadalpalhao.pt\/mercado\/wp-json\/wp\/v2\/product_tag?post=6074"}],"curies":[{"name":"wp","href":"https:\/\/api.w.org\/{rel}","templated":true}]}}