{"id":6052,"date":"2026-01-07T22:12:10","date_gmt":"2026-01-07T22:12:10","guid":{"rendered":"https:\/\/casadalpalhao.pt\/mercado\/?post_type=product&#038;p=6052"},"modified":"2026-03-24T18:39:11","modified_gmt":"2026-03-24T18:39:11","slug":"gancho-para-chouricos","status":"publish","type":"product","link":"https:\/\/casadalpalhao.pt\/mercado\/produto\/gancho-para-chouricos\/","title":{"rendered":"Gancho para Chouri\u00e7os"},"content":{"rendered":"<p><strong>Chouri\u00e7o tricotado \u00e0 m\u00e3o com l\u00e3 pura!<\/strong><\/p>\n<p>Os chouri\u00e7os portugueses s\u00e3o incontorn\u00e1veis. Saborosos, re\u00fanem fam\u00edlia e amigos \u00e0 mesa e criam momentos inesquec\u00edveis. <strong>Mas os nossos s\u00e3o feitos de l\u00e3!<\/strong> O que significa que v\u00e3o durar para sempre, assegurando que as mem\u00f3rias que evocam nunca se v\u00e3o desvanecer!<\/p>\n<p>Os <a href=\"https:\/\/casadalpalhao.pt\/mercado\/blog\/chouricos-alpalhoeiros\/\" target=\"_blank\" rel=\"noopener\"><strong>Chouri\u00e7os Alpalhoeiros<\/strong><\/a> s\u00e3o 100% portugueses, n\u00e3o mancham, n\u00e3o secam e podem ser conservados para sempre. 100% vegan, bio e sem calorias, para todas as idades e paladares.<\/p>\n<p>Tricotados \u00e0 m\u00e3o com l\u00e3 pura, para pendurar e decorar, usar, rir ou oferecer como um presente diferente e \u00fanico, os <strong>Chouri\u00e7os Alpalhoeiros<\/strong> s\u00e3o um <strong>presente original e tipicamente alpalhoeiro.<\/strong><\/p>\n<p>Pendure os <strong>Chouri\u00e7os Alpalhoeiros<\/strong> com um dos nossos ganchos, ao lado de um bonito pano de cozinha em linho ou de uma t\u00e1bua de cortar.<\/p>\n<p><strong>Emoldurados<\/strong> ou para fixar com um <strong>\u00edman<\/strong> e decorar, prender com uma <strong>argola<\/strong> \u00e0s suas chaves ou ainda usar como <strong>alfinete.<\/strong> Para <strong>marcar as p\u00e1ginas<\/strong> de um livro ou <strong>enfeitar o embrulho de um presente<\/strong> de vinho, azeite, queijos ou chouri\u00e7os.<\/p>\n<p>Descubra <a href=\"https:\/\/casadalpalhao.pt\/mercado\/blog\/como-usar-os-chouricos-alpalhoeiros\/\" target=\"_blank\" rel=\"noopener\"><strong>Como usar os Chouri\u00e7os Alpalhoeiros!<\/strong><\/a><\/p>\n<p>&nbsp;<\/p>\n<p>No cora\u00e7\u00e3o de <strong>Alpalh\u00e3o<\/strong>, terra de tradi\u00e7\u00f5es e mem\u00f3rias, o <strong>porco<\/strong> representa <strong>abund\u00e2ncia, trabalho comunit\u00e1rio e orgulho. <\/strong>Oferecer um <strong>Chouri\u00e7o Alpalhoeiro<\/strong> \u00e9 partilhar a <strong>ess\u00eancia do campo<\/strong> e das <strong>tradi\u00e7\u00f5es alpalhoeiras.<\/strong><\/p>\n<blockquote><p><strong>Para quem vem<\/strong>, leva <strong>um pouco de Alpalh\u00e3o<\/strong>, uma <strong>recorda\u00e7\u00e3o aut\u00eantica do encanto rural e das tradi\u00e7\u00f5es alpalhoeiras.<\/strong><\/p>\n<p><strong>Para quem fica<\/strong>, estes <strong>chouri\u00e7os<\/strong> representam o <strong>Orgulho de Ser Alpalhoeiro<\/strong>, o <strong>sentimento de perten\u00e7a \u00e0 terra<\/strong>, evocando <strong>as mem\u00f3rias e os afetos partilhados que unem as gera\u00e7\u00f5es.<\/strong><\/p><\/blockquote>\n<p>Junte um <a href=\"https:\/\/casadalpalhao.pt\/mercado\/produto\/gancho-para-chouricos\/\" target=\"_blank\" rel=\"noopener\"><strong>gancho<\/strong><\/a> ou um <a href=\"https:\/\/casadalpalhao.pt\/mercado\/produto\/assador-de-barro-para-chouricos\/\" target=\"_blank\" rel=\"noopener\"><strong>assador de barro tradicional<\/strong><\/a> aos seus chouri\u00e7os.\u00a0Ofere\u00e7a um presente original numa <a href=\"https:\/\/casadalpalhao.pt\/mercado\/produto\/caixa-de-cartao-reciclado-com-palha\/\" target=\"_blank\" rel=\"noopener\"><strong>caixa de cart\u00e3o reciclado com palha<\/strong><\/a> ou <a href=\"https:\/\/casadalpalhao.pt\/mercado\/produto\/saco-de-pano\/\" target=\"_blank\" rel=\"noopener\"><strong>saco de pano<\/strong><\/a>!<\/p>\n<p>&nbsp;<\/p>\n<p><strong>Dimens\u00f5es<\/strong><br \/>\nAltura x Largura:<br \/>\nGancho 1 \u2013 7 x 2,5 cm<br \/>\nGancho 2 \u2013 9 x 3 cm<br \/>\nGancho 3 \u2013 11 x 5 cm<\/p>\n","protected":false},"excerpt":{"rendered":"<p>Chouri\u00e7o tricotado \u00e0 m\u00e3o com l\u00e3 pura! Os chouri\u00e7os portugueses s\u00e3o incontorn\u00e1veis. Saborosos, re\u00fanem fam\u00edlia e amigos \u00e0 mesa e&#8230;<\/p>\n","protected":false},"featured_media":7545,"template":"","meta":[],"product_brand":[],"product_cat":[37,121],"product_tag":[],"class_list":{"0":"post-6052","1":"product","2":"type-product","3":"status-publish","4":"has-post-thumbnail","6":"product_cat-loja-chouricos","7":"product_cat-loja-outros-produtos","9":"first","10":"instock","11":"shipping-taxable","12":"purchasable","13":"product-type-variable"},"yoast_head":"<!-- This site is optimized with the Yoast SEO plugin v27.5 - https:\/\/yoast.com\/product\/yoast-seo-wordpress\/ -->\n<title>Gancho para Chouri\u00e7os<\/title>\n<meta name=\"description\" content=\"Gancho para Chouri\u00e7os, para pendurar os nossos chouri\u00e7os e decorar ou oferecer como complemento de um presente original e tipicamente portugu\u00eas.\" \/>\n<meta name=\"robots\" content=\"index, follow, max-snippet:-1, max-image-preview:large, max-video-preview:-1\" \/>\n<link rel=\"canonical\" href=\"https:\/\/casadalpalhao.pt\/mercado\/produto\/gancho-para-chouricos\/\" \/>\n<meta property=\"og:locale\" content=\"pt_PT\" \/>\n<meta property=\"og:type\" content=\"article\" \/>\n<meta property=\"og:title\" content=\"Gancho para Chouri\u00e7os\" \/>\n<meta property=\"og:description\" content=\"Gancho para Chouri\u00e7os, para pendurar os nossos chouri\u00e7os e decorar ou oferecer como complemento de um presente original e tipicamente portugu\u00eas.\" \/>\n<meta property=\"og:url\" content=\"https:\/\/casadalpalhao.pt\/mercado\/produto\/gancho-para-chouricos\/\" \/>\n<meta property=\"og:site_name\" content=\"Orgulho Alpalhoeiro\" \/>\n<meta property=\"article:modified_time\" content=\"2026-03-24T18:39:11+00:00\" \/>\n<meta property=\"og:image\" content=\"https:\/\/casadalpalhao.pt\/mercado\/wp-content\/uploads\/sites\/2\/2026\/03\/produto-chourico-gancho-01-819x1024.png\" \/>\n\t<meta property=\"og:image:width\" content=\"819\" \/>\n\t<meta property=\"og:image:height\" content=\"1024\" \/>\n\t<meta property=\"og:image:type\" content=\"image\/png\" \/>\n<meta name=\"twitter:card\" content=\"summary_large_image\" \/>\n<meta name=\"twitter:label1\" content=\"Tempo estimado de leitura\" \/>\n\t<meta name=\"twitter:data1\" content=\"2 minutos\" \/>\n<script type=\"application\/ld+json\" class=\"yoast-schema-graph\">{\"@context\":\"https:\\\/\\\/schema.org\",\"@graph\":[{\"@type\":\"WebPage\",\"@id\":\"https:\\\/\\\/casadalpalhao.pt\\\/mercado\\\/produto\\\/gancho-para-chouricos\\\/\",\"url\":\"https:\\\/\\\/casadalpalhao.pt\\\/mercado\\\/produto\\\/gancho-para-chouricos\\\/\",\"name\":\"Gancho para Chouri\u00e7os\",\"isPartOf\":{\"@id\":\"https:\\\/\\\/casadalpalhao.pt\\\/mercado\\\/#website\"},\"primaryImageOfPage\":{\"@id\":\"https:\\\/\\\/casadalpalhao.pt\\\/mercado\\\/produto\\\/gancho-para-chouricos\\\/#primaryimage\"},\"image\":{\"@id\":\"https:\\\/\\\/casadalpalhao.pt\\\/mercado\\\/produto\\\/gancho-para-chouricos\\\/#primaryimage\"},\"thumbnailUrl\":\"https:\\\/\\\/casadalpalhao.pt\\\/mercado\\\/wp-content\\\/uploads\\\/sites\\\/2\\\/2026\\\/03\\\/produto-chourico-gancho-01.png\",\"datePublished\":\"2026-01-07T22:12:10+00:00\",\"dateModified\":\"2026-03-24T18:39:11+00:00\",\"description\":\"Gancho para Chouri\u00e7os, para pendurar os nossos chouri\u00e7os e decorar ou oferecer como complemento de um presente original e tipicamente portugu\u00eas.\",\"breadcrumb\":{\"@id\":\"https:\\\/\\\/casadalpalhao.pt\\\/mercado\\\/produto\\\/gancho-para-chouricos\\\/#breadcrumb\"},\"inLanguage\":\"pt-PT\",\"potentialAction\":[{\"@type\":\"ReadAction\",\"target\":[\"https:\\\/\\\/casadalpalhao.pt\\\/mercado\\\/produto\\\/gancho-para-chouricos\\\/\"]}]},{\"@type\":\"ImageObject\",\"inLanguage\":\"pt-PT\",\"@id\":\"https:\\\/\\\/casadalpalhao.pt\\\/mercado\\\/produto\\\/gancho-para-chouricos\\\/#primaryimage\",\"url\":\"https:\\\/\\\/casadalpalhao.pt\\\/mercado\\\/wp-content\\\/uploads\\\/sites\\\/2\\\/2026\\\/03\\\/produto-chourico-gancho-01.png\",\"contentUrl\":\"https:\\\/\\\/casadalpalhao.pt\\\/mercado\\\/wp-content\\\/uploads\\\/sites\\\/2\\\/2026\\\/03\\\/produto-chourico-gancho-01.png\",\"width\":1080,\"height\":1350},{\"@type\":\"BreadcrumbList\",\"@id\":\"https:\\\/\\\/casadalpalhao.pt\\\/mercado\\\/produto\\\/gancho-para-chouricos\\\/#breadcrumb\",\"itemListElement\":[{\"@type\":\"ListItem\",\"position\":1,\"name\":\"In\u00edcio\",\"item\":\"https:\\\/\\\/casadalpalhao.pt\\\/mercado\\\/\"},{\"@type\":\"ListItem\",\"position\":2,\"name\":\"Loja \u2013 Todos os produtos\",\"item\":\"https:\\\/\\\/casadalpalhao.pt\\\/mercado\\\/loja-todos-os-produtos\\\/\"},{\"@type\":\"ListItem\",\"position\":3,\"name\":\"Gancho para Chouri\u00e7os\"}]},{\"@type\":\"WebSite\",\"@id\":\"https:\\\/\\\/casadalpalhao.pt\\\/mercado\\\/#website\",\"url\":\"https:\\\/\\\/casadalpalhao.pt\\\/mercado\\\/\",\"name\":\"Orgulho Alpalhoeiro\",\"description\":\"Sereno. Simples. Vivido e Partilhado.\",\"publisher\":{\"@id\":\"https:\\\/\\\/casadalpalhao.pt\\\/mercado\\\/#organization\"},\"potentialAction\":[{\"@type\":\"SearchAction\",\"target\":{\"@type\":\"EntryPoint\",\"urlTemplate\":\"https:\\\/\\\/casadalpalhao.pt\\\/mercado\\\/?s={search_term_string}\"},\"query-input\":{\"@type\":\"PropertyValueSpecification\",\"valueRequired\":true,\"valueName\":\"search_term_string\"}}],\"inLanguage\":\"pt-PT\"},{\"@type\":\"Organization\",\"@id\":\"https:\\\/\\\/casadalpalhao.pt\\\/mercado\\\/#organization\",\"name\":\"Orgulho Alpalhoeiro\",\"url\":\"https:\\\/\\\/casadalpalhao.pt\\\/mercado\\\/\",\"logo\":{\"@type\":\"ImageObject\",\"inLanguage\":\"pt-PT\",\"@id\":\"https:\\\/\\\/casadalpalhao.pt\\\/mercado\\\/#\\\/schema\\\/logo\\\/image\\\/\",\"url\":\"https:\\\/\\\/casadalpalhao.pt\\\/mercado\\\/wp-content\\\/uploads\\\/sites\\\/2\\\/2026\\\/03\\\/orgulhoalpalhoeiro.png\",\"contentUrl\":\"https:\\\/\\\/casadalpalhao.pt\\\/mercado\\\/wp-content\\\/uploads\\\/sites\\\/2\\\/2026\\\/03\\\/orgulhoalpalhoeiro.png\",\"width\":1880,\"height\":440,\"caption\":\"Orgulho Alpalhoeiro\"},\"image\":{\"@id\":\"https:\\\/\\\/casadalpalhao.pt\\\/mercado\\\/#\\\/schema\\\/logo\\\/image\\\/\"}}]}<\/script>\n<!-- \/ Yoast SEO plugin. -->","yoast_head_json":{"title":"Gancho para Chouri\u00e7os","description":"Gancho para Chouri\u00e7os, para pendurar os nossos chouri\u00e7os e decorar ou oferecer como complemento de um presente original e tipicamente portugu\u00eas.","robots":{"index":"index","follow":"follow","max-snippet":"max-snippet:-1","max-image-preview":"max-image-preview:large","max-video-preview":"max-video-preview:-1"},"canonical":"https:\/\/casadalpalhao.pt\/mercado\/produto\/gancho-para-chouricos\/","og_locale":"pt_PT","og_type":"article","og_title":"Gancho para Chouri\u00e7os","og_description":"Gancho para Chouri\u00e7os, para pendurar os nossos chouri\u00e7os e decorar ou oferecer como complemento de um presente original e tipicamente portugu\u00eas.","og_url":"https:\/\/casadalpalhao.pt\/mercado\/produto\/gancho-para-chouricos\/","og_site_name":"Orgulho Alpalhoeiro","article_modified_time":"2026-03-24T18:39:11+00:00","og_image":[{"width":819,"height":1024,"url":"https:\/\/casadalpalhao.pt\/mercado\/wp-content\/uploads\/sites\/2\/2026\/03\/produto-chourico-gancho-01-819x1024.png","type":"image\/png"}],"twitter_card":"summary_large_image","twitter_misc":{"Tempo estimado de leitura":"2 minutos"},"schema":{"@context":"https:\/\/schema.org","@graph":[{"@type":"WebPage","@id":"https:\/\/casadalpalhao.pt\/mercado\/produto\/gancho-para-chouricos\/","url":"https:\/\/casadalpalhao.pt\/mercado\/produto\/gancho-para-chouricos\/","name":"Gancho para Chouri\u00e7os","isPartOf":{"@id":"https:\/\/casadalpalhao.pt\/mercado\/#website"},"primaryImageOfPage":{"@id":"https:\/\/casadalpalhao.pt\/mercado\/produto\/gancho-para-chouricos\/#primaryimage"},"image":{"@id":"https:\/\/casadalpalhao.pt\/mercado\/produto\/gancho-para-chouricos\/#primaryimage"},"thumbnailUrl":"https:\/\/casadalpalhao.pt\/mercado\/wp-content\/uploads\/sites\/2\/2026\/03\/produto-chourico-gancho-01.png","datePublished":"2026-01-07T22:12:10+00:00","dateModified":"2026-03-24T18:39:11+00:00","description":"Gancho para Chouri\u00e7os, para pendurar os nossos chouri\u00e7os e decorar ou oferecer como complemento de um presente original e tipicamente portugu\u00eas.","breadcrumb":{"@id":"https:\/\/casadalpalhao.pt\/mercado\/produto\/gancho-para-chouricos\/#breadcrumb"},"inLanguage":"pt-PT","potentialAction":[{"@type":"ReadAction","target":["https:\/\/casadalpalhao.pt\/mercado\/produto\/gancho-para-chouricos\/"]}]},{"@type":"ImageObject","inLanguage":"pt-PT","@id":"https:\/\/casadalpalhao.pt\/mercado\/produto\/gancho-para-chouricos\/#primaryimage","url":"https:\/\/casadalpalhao.pt\/mercado\/wp-content\/uploads\/sites\/2\/2026\/03\/produto-chourico-gancho-01.png","contentUrl":"https:\/\/casadalpalhao.pt\/mercado\/wp-content\/uploads\/sites\/2\/2026\/03\/produto-chourico-gancho-01.png","width":1080,"height":1350},{"@type":"BreadcrumbList","@id":"https:\/\/casadalpalhao.pt\/mercado\/produto\/gancho-para-chouricos\/#breadcrumb","itemListElement":[{"@type":"ListItem","position":1,"name":"In\u00edcio","item":"https:\/\/casadalpalhao.pt\/mercado\/"},{"@type":"ListItem","position":2,"name":"Loja \u2013 Todos os produtos","item":"https:\/\/casadalpalhao.pt\/mercado\/loja-todos-os-produtos\/"},{"@type":"ListItem","position":3,"name":"Gancho para Chouri\u00e7os"}]},{"@type":"WebSite","@id":"https:\/\/casadalpalhao.pt\/mercado\/#website","url":"https:\/\/casadalpalhao.pt\/mercado\/","name":"Orgulho Alpalhoeiro","description":"Sereno. Simples. Vivido e Partilhado.","publisher":{"@id":"https:\/\/casadalpalhao.pt\/mercado\/#organization"},"potentialAction":[{"@type":"SearchAction","target":{"@type":"EntryPoint","urlTemplate":"https:\/\/casadalpalhao.pt\/mercado\/?s={search_term_string}"},"query-input":{"@type":"PropertyValueSpecification","valueRequired":true,"valueName":"search_term_string"}}],"inLanguage":"pt-PT"},{"@type":"Organization","@id":"https:\/\/casadalpalhao.pt\/mercado\/#organization","name":"Orgulho Alpalhoeiro","url":"https:\/\/casadalpalhao.pt\/mercado\/","logo":{"@type":"ImageObject","inLanguage":"pt-PT","@id":"https:\/\/casadalpalhao.pt\/mercado\/#\/schema\/logo\/image\/","url":"https:\/\/casadalpalhao.pt\/mercado\/wp-content\/uploads\/sites\/2\/2026\/03\/orgulhoalpalhoeiro.png","contentUrl":"https:\/\/casadalpalhao.pt\/mercado\/wp-content\/uploads\/sites\/2\/2026\/03\/orgulhoalpalhoeiro.png","width":1880,"height":440,"caption":"Orgulho Alpalhoeiro"},"image":{"@id":"https:\/\/casadalpalhao.pt\/mercado\/#\/schema\/logo\/image\/"}}]}},"_links":{"self":[{"href":"https:\/\/casadalpalhao.pt\/mercado\/wp-json\/wp\/v2\/product\/6052","targetHints":{"allow":["GET"]}}],"collection":[{"href":"https:\/\/casadalpalhao.pt\/mercado\/wp-json\/wp\/v2\/product"}],"about":[{"href":"https:\/\/casadalpalhao.pt\/mercado\/wp-json\/wp\/v2\/types\/product"}],"wp:featuredmedia":[{"embeddable":true,"href":"https:\/\/casadalpalhao.pt\/mercado\/wp-json\/wp\/v2\/media\/7545"}],"wp:attachment":[{"href":"https:\/\/casadalpalhao.pt\/mercado\/wp-json\/wp\/v2\/media?parent=6052"}],"wp:term":[{"taxonomy":"product_brand","embeddable":true,"href":"https:\/\/casadalpalhao.pt\/mercado\/wp-json\/wp\/v2\/product_brand?post=6052"},{"taxonomy":"product_cat","embeddable":true,"href":"https:\/\/casadalpalhao.pt\/mercado\/wp-json\/wp\/v2\/product_cat?post=6052"},{"taxonomy":"product_tag","embeddable":true,"href":"https:\/\/casadalpalhao.pt\/mercado\/wp-json\/wp\/v2\/product_tag?post=6052"}],"curies":[{"name":"wp","href":"https:\/\/api.w.org\/{rel}","templated":true}]}}