{"id":5035,"date":"2025-03-29T09:02:36","date_gmt":"2025-03-29T09:02:36","guid":{"rendered":"https:\/\/chouricos.pt\/?page_id=5035"},"modified":"2025-11-18T06:43:09","modified_gmt":"2025-11-18T06:43:09","slug":"todas-as-perguntas","status":"publish","type":"page","link":"https:\/\/casadalpalhao.pt\/mercado\/todas-as-perguntas\/","title":{"rendered":"Todas as perguntas"},"content":{"rendered":"\n<h2 class=\"wp-block-heading\">Todas as perguntas<\/h2>\n\n\n<style>.kt-accordion-id5035_f52724-5b .kt-accordion-inner-wrap{column-gap:var(--global-kb-gap-md, 2rem);row-gap:10px;}.kt-accordion-id5035_f52724-5b .kt-accordion-panel-inner{border-top:0px solid transparent;border-right:0px solid transparent;border-bottom:1px solid transparent;border-left:1px solid transparent;background:#ffffff;padding-top:var(--global-kb-spacing-sm, 1.5rem);padding-right:var(--global-kb-spacing-sm, 1.5rem);padding-bottom:var(--global-kb-spacing-sm, 1.5rem);padding-left:var(--global-kb-spacing-sm, 1.5rem);}.kt-accordion-id5035_f52724-5b > .kt-accordion-inner-wrap > .wp-block-kadence-pane > .kt-accordion-header-wrap > .kt-blocks-accordion-header{border-top:1px solid #000000;border-right:1px solid #000000;border-bottom:1px solid #000000;border-left:1px solid #000000;border-top-left-radius:0px;border-top-right-radius:0px;border-bottom-right-radius:0px;border-bottom-left-radius:0px;background:#ffffff;font-size:var(--global-kb-font-size-md, 1.25rem);font-weight:bold;color:#000000;padding-top:14px;padding-right:16px;padding-bottom:14px;padding-left:16px;}.kt-accordion-id5035_f52724-5b:not( .kt-accodion-icon-style-basiccircle ):not( .kt-accodion-icon-style-xclosecircle ):not( .kt-accodion-icon-style-arrowcircle )  > .kt-accordion-inner-wrap > .wp-block-kadence-pane > .kt-accordion-header-wrap .kt-blocks-accordion-icon-trigger:after, .kt-accordion-id5035_f52724-5b:not( .kt-accodion-icon-style-basiccircle ):not( .kt-accodion-icon-style-xclosecircle ):not( .kt-accodion-icon-style-arrowcircle )  > .kt-accordion-inner-wrap > .wp-block-kadence-pane > .kt-accordion-header-wrap .kt-blocks-accordion-icon-trigger:before{background:#000000;}.kt-accordion-id5035_f52724-5b:not( .kt-accodion-icon-style-basic ):not( .kt-accodion-icon-style-xclose ):not( .kt-accodion-icon-style-arrow ) .kt-blocks-accordion-icon-trigger{background:#000000;}.kt-accordion-id5035_f52724-5b:not( .kt-accodion-icon-style-basic ):not( .kt-accodion-icon-style-xclose ):not( .kt-accodion-icon-style-arrow ) .kt-blocks-accordion-icon-trigger:after, .kt-accordion-id5035_f52724-5b:not( .kt-accodion-icon-style-basic ):not( .kt-accodion-icon-style-xclose ):not( .kt-accodion-icon-style-arrow ) .kt-blocks-accordion-icon-trigger:before{background:#ffffff;}.kt-accordion-id5035_f52724-5b > .kt-accordion-inner-wrap > .wp-block-kadence-pane > .kt-accordion-header-wrap > .kt-blocks-accordion-header:hover, \n\t\t\t\tbody:not(.hide-focus-outline) .kt-accordion-id5035_f52724-5b .kt-blocks-accordion-header:focus-visible{color:#CD1C18;background:#ffffff;border-top-color:#CD1C18;border-top-style:solid;border-right-color:#CD1C18;border-right-style:solid;border-bottom-color:#CD1C18;border-bottom-style:solid;border-left-color:#CD1C18;border-left-style:solid;}.kt-accordion-id5035_f52724-5b:not( .kt-accodion-icon-style-basiccircle ):not( .kt-accodion-icon-style-xclosecircle ):not( .kt-accodion-icon-style-arrowcircle ) .kt-accordion-header-wrap .kt-blocks-accordion-header:hover .kt-blocks-accordion-icon-trigger:after, .kt-accordion-id5035_f52724-5b:not( .kt-accodion-icon-style-basiccircle ):not( .kt-accodion-icon-style-xclosecircle ):not( .kt-accodion-icon-style-arrowcircle ) .kt-accordion-header-wrap .kt-blocks-accordion-header:hover .kt-blocks-accordion-icon-trigger:before, body:not(.hide-focus-outline) .kt-accordion-id5035_f52724-5b:not( .kt-accodion-icon-style-basiccircle ):not( .kt-accodion-icon-style-xclosecircle ):not( .kt-accodion-icon-style-arrowcircle ) .kt-blocks-accordion--visible .kt-blocks-accordion-icon-trigger:after, body:not(.hide-focus-outline) .kt-accordion-id5035_f52724-5b:not( .kt-accodion-icon-style-basiccircle ):not( .kt-accodion-icon-style-xclosecircle ):not( .kt-accodion-icon-style-arrowcircle ) .kt-blocks-accordion-header:focus-visible .kt-blocks-accordion-icon-trigger:before{background:#CD1C18;}.kt-accordion-id5035_f52724-5b:not( .kt-accodion-icon-style-basic ):not( .kt-accodion-icon-style-xclose ):not( .kt-accodion-icon-style-arrow ) .kt-accordion-header-wrap .kt-blocks-accordion-header:hover .kt-blocks-accordion-icon-trigger, body:not(.hide-focus-outline) .kt-accordion-id5035_f52724-5b:not( .kt-accodion-icon-style-basic ):not( .kt-accodion-icon-style-xclose ):not( .kt-accodion-icon-style-arrow ) .kt-accordion-header-wrap .kt-blocks-accordion-header:focus-visible .kt-blocks-accordion-icon-trigger{background:#CD1C18;}.kt-accordion-id5035_f52724-5b:not( .kt-accodion-icon-style-basic ):not( .kt-accodion-icon-style-xclose ):not( .kt-accodion-icon-style-arrow ) .kt-accordion-header-wrap .kt-blocks-accordion-header:hover .kt-blocks-accordion-icon-trigger:after, .kt-accordion-id5035_f52724-5b:not( .kt-accodion-icon-style-basic ):not( .kt-accodion-icon-style-xclose ):not( .kt-accodion-icon-style-arrow ) .kt-accordion-header-wrap .kt-blocks-accordion-header:hover .kt-blocks-accordion-icon-trigger:before, body:not(.hide-focus-outline) .kt-accordion-id5035_f52724-5b:not( .kt-accodion-icon-style-basic ):not( .kt-accodion-icon-style-xclose ):not( .kt-accodion-icon-style-arrow ) .kt-accordion-header-wrap .kt-blocks-accordion-header:focus-visible .kt-blocks-accordion-icon-trigger:after, body:not(.hide-focus-outline) .kt-accordion-id5035_f52724-5b:not( .kt-accodion-icon-style-basic ):not( .kt-accodion-icon-style-xclose ):not( .kt-accodion-icon-style-arrow ) .kt-accordion-header-wrap .kt-blocks-accordion-header:focus-visible .kt-blocks-accordion-icon-trigger:before{background:#ffffff;}.kt-accordion-id5035_f52724-5b .kt-accordion-header-wrap .kt-blocks-accordion-header:focus-visible,\n\t\t\t\t.kt-accordion-id5035_f52724-5b > .kt-accordion-inner-wrap > .wp-block-kadence-pane > .kt-accordion-header-wrap > .kt-blocks-accordion-header.kt-accordion-panel-active{color:#CD1C18;background:#ffffff;border-top-color:#CD1C18;border-top-style:solid;border-right-color:#CD1C18;border-right-style:solid;border-bottom-color:#CD1C18;border-bottom-style:solid;border-left-color:#CD1C18;border-left-style:solid;}.kt-accordion-id5035_f52724-5b:not( .kt-accodion-icon-style-basiccircle ):not( .kt-accodion-icon-style-xclosecircle ):not( .kt-accodion-icon-style-arrowcircle )  > .kt-accordion-inner-wrap > .wp-block-kadence-pane > .kt-accordion-header-wrap > .kt-blocks-accordion-header.kt-accordion-panel-active .kt-blocks-accordion-icon-trigger:after, .kt-accordion-id5035_f52724-5b:not( .kt-accodion-icon-style-basiccircle ):not( .kt-accodion-icon-style-xclosecircle ):not( .kt-accodion-icon-style-arrowcircle )  > .kt-accordion-inner-wrap > .wp-block-kadence-pane > .kt-accordion-header-wrap > .kt-blocks-accordion-header.kt-accordion-panel-active .kt-blocks-accordion-icon-trigger:before{background:#CD1C18;}.kt-accordion-id5035_f52724-5b:not( .kt-accodion-icon-style-basic ):not( .kt-accodion-icon-style-xclose ):not( .kt-accodion-icon-style-arrow ) .kt-blocks-accordion-header.kt-accordion-panel-active .kt-blocks-accordion-icon-trigger{background:#CD1C18;}.kt-accordion-id5035_f52724-5b:not( .kt-accodion-icon-style-basic ):not( .kt-accodion-icon-style-xclose ):not( .kt-accodion-icon-style-arrow ) .kt-blocks-accordion-header.kt-accordion-panel-active .kt-blocks-accordion-icon-trigger:after, .kt-accordion-id5035_f52724-5b:not( .kt-accodion-icon-style-basic ):not( .kt-accodion-icon-style-xclose ):not( .kt-accodion-icon-style-arrow ) .kt-blocks-accordion-header.kt-accordion-panel-active .kt-blocks-accordion-icon-trigger:before{background:#ffffff;}@media all and (max-width: 1024px){.kt-accordion-id5035_f52724-5b .kt-accordion-panel-inner{border-top:0px solid transparent;border-right:0px solid transparent;border-bottom:1px solid transparent;border-left:1px solid transparent;}}@media all and (max-width: 1024px){.kt-accordion-id5035_f52724-5b > .kt-accordion-inner-wrap > .wp-block-kadence-pane > .kt-accordion-header-wrap > .kt-blocks-accordion-header{border-top:1px solid #000000;border-right:1px solid #000000;border-bottom:1px solid #000000;border-left:1px solid #000000;}}@media all and (max-width: 1024px){.kt-accordion-id5035_f52724-5b > .kt-accordion-inner-wrap > .wp-block-kadence-pane > .kt-accordion-header-wrap > .kt-blocks-accordion-header:hover, \n\t\t\t\tbody:not(.hide-focus-outline) .kt-accordion-id5035_f52724-5b .kt-blocks-accordion-header:focus-visible{border-top-color:#CD1C18;border-top-style:solid;border-right-color:#CD1C18;border-right-style:solid;border-bottom-color:#CD1C18;border-bottom-style:solid;border-left-color:#CD1C18;border-left-style:solid;}}@media all and (max-width: 1024px){.kt-accordion-id5035_f52724-5b .kt-accordion-header-wrap .kt-blocks-accordion-header:focus-visible,\n\t\t\t\t.kt-accordion-id5035_f52724-5b > .kt-accordion-inner-wrap > .wp-block-kadence-pane > .kt-accordion-header-wrap > .kt-blocks-accordion-header.kt-accordion-panel-active{border-top-color:#CD1C18;border-top-style:solid;border-right-color:#CD1C18;border-right-style:solid;border-bottom-color:#CD1C18;border-bottom-style:solid;border-left-color:#CD1C18;border-left-style:solid;}}@media all and (max-width: 767px){.kt-accordion-id5035_f52724-5b .kt-accordion-inner-wrap{display:block;}.kt-accordion-id5035_f52724-5b .kt-accordion-inner-wrap .kt-accordion-pane:not(:first-child){margin-top:10px;}.kt-accordion-id5035_f52724-5b .kt-accordion-panel-inner{border-top:0px solid transparent;border-right:0px solid transparent;border-bottom:1px solid transparent;border-left:1px solid transparent;}.kt-accordion-id5035_f52724-5b > .kt-accordion-inner-wrap > .wp-block-kadence-pane > .kt-accordion-header-wrap > .kt-blocks-accordion-header{border-top:1px solid #000000;border-right:1px solid #000000;border-bottom:1px solid #000000;border-left:1px solid #000000;}.kt-accordion-id5035_f52724-5b > .kt-accordion-inner-wrap > .wp-block-kadence-pane > .kt-accordion-header-wrap > .kt-blocks-accordion-header:hover, \n\t\t\t\tbody:not(.hide-focus-outline) .kt-accordion-id5035_f52724-5b .kt-blocks-accordion-header:focus-visible{border-top-color:#CD1C18;border-top-style:solid;border-right-color:#CD1C18;border-right-style:solid;border-bottom-color:#CD1C18;border-bottom-style:solid;border-left-color:#CD1C18;border-left-style:solid;}.kt-accordion-id5035_f52724-5b .kt-accordion-header-wrap .kt-blocks-accordion-header:focus-visible,\n\t\t\t\t.kt-accordion-id5035_f52724-5b > .kt-accordion-inner-wrap > .wp-block-kadence-pane > .kt-accordion-header-wrap > .kt-blocks-accordion-header.kt-accordion-panel-active{border-top-color:#CD1C18;border-top-style:solid;border-right-color:#CD1C18;border-right-style:solid;border-bottom-color:#CD1C18;border-bottom-style:solid;border-left-color:#CD1C18;border-left-style:solid;}}<\/style>\n<div class=\"wp-block-kadence-accordion alignnone\"><div class=\"kt-accordion-wrap kt-accordion-id5035_f52724-5b kt-accordion-has-8-panes kt-active-pane-0 kt-accordion-block kt-pane-header-alignment-left kt-accodion-icon-style-arrow kt-accodion-icon-side-right\" style=\"max-width:none\"><div class=\"kt-accordion-inner-wrap\" data-allow-multiple-open=\"false\" data-start-open=\"0\">\n<div class=\"wp-block-kadence-pane kt-accordion-pane kt-accordion-pane-5 kt-pane5035_229010-be\"><div class=\"kt-accordion-header-wrap\"><button class=\"kt-blocks-accordion-header kt-acccordion-button-label-show\" type=\"button\"><span class=\"kt-blocks-accordion-title-wrap\"><span class=\"kt-blocks-accordion-title\">Encomenda e pagamento<\/span><\/span><span class=\"kt-blocks-accordion-icon-trigger\"><\/span><\/button><\/div><div class=\"kt-accordion-panel kt-accordion-panel-hidden\"><div class=\"kt-accordion-panel-inner\">\n<h2 class=\"wp-block-heading\">Encomenda<\/h2>\n\n\n\n<p>Para proceder \u00e0 encomenda de um ou mais produtos, o cliente dever\u00e1 seguir o processo habitual nos sites de venda on-line \u2013 usar os bot\u00f5es junto a cada artigo para os adicionar ao cesto de compras, selecionar as op\u00e7\u00f5es, alterar as quantidades caso queira comprar mais do que uma unidade de cada produto e fazer o checkout de acordo com as instru\u00e7\u00f5es fornecidas pelo site.<\/p>\n\n\n\n<h2 class=\"wp-block-heading\">Pagamento<\/h2>\n\n\n\n<p>Os clientes do <strong><strong><strong><strong>Mercado Alpalhoeiro<\/strong><\/strong><\/strong><\/strong> podem pagar por transfer\u00eancia banc\u00e1ria. Os pagamentos por transfer\u00eancia banc\u00e1ria s\u00f3 ser\u00e3o considerados v\u00e1lidos mediante o envio de comprovativo da mesma por correio eletr\u00f3nico (funcionalidade que a maior parte dos sistemas de e-banking fornecem) e ap\u00f3s boa cobran\u00e7a. Caso a transfer\u00eancia seja realizada ao balc\u00e3o de um banco ou num ATM (caixa multibanco) \u00e9 imprescind\u00edvel o envio do tal\u00e3o comprovativo da transfer\u00eancia (por exemplo atrav\u00e9s de um scan ou fotografia digital do tal\u00e3o).<\/p>\n\n\n\n<p class=\"has-woostify-heading-color has-text-color has-link-color wp-elements-9a2e7e5350b60938b8861bb7975847bd\">As encomendas que n\u00e3o sejam pagas no prazo de tr\u00eas dias \u00fateis ser\u00e3o canceladas.<\/p>\n<\/div><\/div><\/div>\n\n\n\n<div class=\"wp-block-kadence-pane kt-accordion-pane kt-accordion-pane-6 kt-pane5035_496e18-e8\"><div class=\"kt-accordion-header-wrap\"><button class=\"kt-blocks-accordion-header kt-acccordion-button-label-show\" type=\"button\"><span class=\"kt-blocks-accordion-title-wrap\"><span class=\"kt-blocks-accordion-title\">Envio<\/span><\/span><span class=\"kt-blocks-accordion-icon-trigger\"><\/span><\/button><\/div><div class=\"kt-accordion-panel kt-accordion-panel-hidden\"><div class=\"kt-accordion-panel-inner\">\n<h2 class=\"wp-block-heading\">Modalidades de envio<\/h2>\n\n\n\n<p>As encomendas s\u00e3o enviadas por Correio Registado (CTT). Ap\u00f3s o envio, os clientes receber\u00e3o por email o n\u00famero de registo da sua encomenda, podendo utilizar o servi\u00e7o online dos CTT para a localizar, seguindo assim todo o processo da entrega em tempo real.<\/p>\n\n\n\n<h2 class=\"wp-block-heading\">Despesas de envio<\/h2>\n\n\n\n<p>As despesas de envio s\u00e3o calculadas em fun\u00e7\u00e3o do peso dos artigos apresentadas no checkout.<\/p>\n\n\n\n<h2 class=\"wp-block-heading\">Prazos de entrega<\/h2>\n\n\n\n<p>As encomendas s\u00e3o expedidas diariamente de segunda a sexta-feira, sendo normalmente enviadas no dia seguinte \u00e0quele em que o respetivo pagamento \u00e9 recebido.<br>Em Portugal Continental, os envios registados demoram em geral um ou dois dias \u00fateis a ser entregues.<br>Para o estrangeiro, os tempos de entrega dos envios registados n\u00e3o costumam ser superiores a uma semana (Europa) ou duas (resto do mundo). Fora da&nbsp;Uni\u00e3o Europeia, estes prazos podem ser afetados pelos controlos aduaneiros.<\/p>\n\n\n\n<h2 class=\"wp-block-heading\">Garantia de entrega<\/h2>\n\n\n\n<p>No caso de extravio de envios registados, o <strong><strong><strong><strong>Mercado Alpalhoeiro<\/strong><\/strong><\/strong><\/strong> compromete-se reembolsar o cliente no valor total da sua encomenda ou a enviar a encomenda se o cliente assim quiser.<\/p>\n\n\n\n<p>O cliente \u00e9 respons\u00e1vel por acompanhar a sua encomenda com o n\u00famero de registo fornecido e por assegurar o contato com a transportadora para garantir a entrega. No caso de a encomenda ser devolvida ao remetente por impossibilidade de entrega, o reenvio s\u00f3 ser\u00e1 feito mediante novo pagamento das despesas de envio.<\/p>\n\n\n\n<h2 class=\"wp-block-heading\">Rutura de stock<\/h2>\n\n\n\n<p>Os clientes ser\u00e3o reembolsados na totalidade do montante dos artigos que n\u00e3o lhes possam ser enviados por motivo de rutura de stock.<\/p>\n<\/div><\/div><\/div>\n\n\n\n<div class=\"wp-block-kadence-pane kt-accordion-pane kt-accordion-pane-7 kt-pane5035_334280-5c\"><div class=\"kt-accordion-header-wrap\"><button class=\"kt-blocks-accordion-header kt-acccordion-button-label-show\" type=\"button\"><span class=\"kt-blocks-accordion-title-wrap\"><span class=\"kt-blocks-accordion-title\">Devolu\u00e7\u00f5es e reembolsos<\/span><\/span><span class=\"kt-blocks-accordion-icon-trigger\"><\/span><\/button><\/div><div class=\"kt-accordion-panel kt-accordion-panel-hidden\"><div class=\"kt-accordion-panel-inner\">\n<p>Na Uni\u00e3o Europeia, os clientes poder\u00e3o proceder \u00e0 devolu\u00e7\u00e3o dos artigos adquiridos online no prazo legal de reflex\u00e3o \u2013 at\u00e9 14 dias depois da entrega dos mesmos. S\u00f3 ser\u00e3o aceites artigos que ainda n\u00e3o tenham sido usados ou alterados (abertos, lavados, etc.) e que se encontrem no mesmo estado em que foram adquiridos, em embalagem fechada. Esta garantia n\u00e3o se aplica aos artigos feitos por encomenda. Os clientes que desejem devolver artigos ao abrigo do prazo de reflex\u00e3o ter\u00e3o de proceder ao envio dos mesmos por correio registado, suportando os custos do mesmo e notificando o <strong><strong><strong><strong>Mercado Alpalhoeiro<\/strong><\/strong><\/strong><\/strong> por email do respetivo n\u00famero de seguimento.<\/p>\n\n\n\n<h2 class=\"wp-block-heading\">LEI 144\/2015 \u2013 Resolu\u00e7\u00e3o Alternativa de Lit\u00edgios de Consumo (RAL)<\/h2>\n\n\n\n<p>Em caso de lit\u00edgio, o consumidor pode recorrer a uma entidade de resolu\u00e7\u00e3o alternativa de lit\u00edgios de consumo.<\/p>\n\n\n\n<p><strong>Centro de Arbitragem de Conflitos de Consumo de Lisboa<\/strong><br>Morada: Rua dos Douradores, 116 \u2013 2\u00ba<br>1100-207 LISBOA<br>Telefone: +351 218 807 030<br>Fax: +351 218 807 038<\/p>\n\n\n\n<h2 class=\"wp-block-heading\">Reclama\u00e7\u00f5es<\/h2>\n\n\n\n<p>Os clientes que assim o queiram, poder\u00e3o exercer o seu direito de reclama\u00e7\u00e3o atrav\u00e9s da plataforma digital do <a href=\"https:\/\/www.livroreclamacoes.pt\/inicio\/\" target=\"_blank\" rel=\"noreferrer noopener\">Livro de Reclama\u00e7\u00f5es Eletr\u00f3nico (LRE)<\/a>.<\/p>\n<\/div><\/div><\/div>\n\n\n\n<div class=\"wp-block-kadence-pane kt-accordion-pane kt-accordion-pane-8 kt-pane5035_73f943-08\"><div class=\"kt-accordion-header-wrap\"><button class=\"kt-blocks-accordion-header kt-acccordion-button-label-show\" type=\"button\"><span class=\"kt-blocks-accordion-title-wrap\"><span class=\"kt-blocks-accordion-title\">Novos projetos!<\/span><\/span><span class=\"kt-blocks-accordion-icon-trigger\"><\/span><\/button><\/div><div class=\"kt-accordion-panel kt-accordion-panel-hidden\"><div class=\"kt-accordion-panel-inner\">\n<p>Quer personalizar um dos nossos produtos? Procura um novo produto? Est\u00e1 a organizar um evento e quer decorar o espa\u00e7o e oferecer presentes \u00fanicos?<\/p>\n\n\n\n<p>Gostamos de boas ideias. Grandes desafios. <a href=\"https:\/\/casadalpalhao.pt\/mercado\/pt\/novos-projetos\/\"><strong>Fale-nos sobre o seu projeto!<\/strong><\/a><\/p>\n<\/div><\/div><\/div>\n<\/div><\/div><\/div>\n","protected":false},"excerpt":{"rendered":"<p>Todas as perguntas<\/p>\n","protected":false},"author":1,"featured_media":0,"parent":0,"menu_order":12,"comment_status":"closed","ping_status":"closed","template":"","meta":{"footnotes":""},"class_list":["post-5035","page","type-page","status-publish","hentry"],"yoast_head":"<!-- This site is optimized with the Yoast SEO plugin v27.5 - https:\/\/yoast.com\/product\/yoast-seo-wordpress\/ -->\n<title>Todas as perguntas - Orgulho Alpalhoeiro<\/title>\n<meta name=\"robots\" content=\"index, follow, max-snippet:-1, max-image-preview:large, max-video-preview:-1\" \/>\n<link rel=\"canonical\" href=\"https:\/\/casadalpalhao.pt\/mercado\/todas-as-perguntas\/\" \/>\n<meta property=\"og:locale\" content=\"pt_PT\" \/>\n<meta property=\"og:type\" content=\"article\" \/>\n<meta property=\"og:title\" content=\"Todas as perguntas - Orgulho Alpalhoeiro\" \/>\n<meta property=\"og:description\" content=\"Todas as perguntas\" \/>\n<meta property=\"og:url\" content=\"https:\/\/casadalpalhao.pt\/mercado\/todas-as-perguntas\/\" \/>\n<meta property=\"og:site_name\" content=\"Orgulho Alpalhoeiro\" \/>\n<meta property=\"article:modified_time\" content=\"2025-11-18T06:43:09+00:00\" \/>\n<meta name=\"twitter:card\" content=\"summary_large_image\" \/>\n<meta name=\"twitter:label1\" content=\"Tempo estimado de leitura\" \/>\n\t<meta name=\"twitter:data1\" content=\"4 minutos\" \/>\n<script type=\"application\/ld+json\" class=\"yoast-schema-graph\">{\"@context\":\"https:\\\/\\\/schema.org\",\"@graph\":[{\"@type\":\"WebPage\",\"@id\":\"https:\\\/\\\/casadalpalhao.pt\\\/mercado\\\/todas-as-perguntas\\\/\",\"url\":\"https:\\\/\\\/casadalpalhao.pt\\\/mercado\\\/todas-as-perguntas\\\/\",\"name\":\"Todas as perguntas - Orgulho Alpalhoeiro\",\"isPartOf\":{\"@id\":\"https:\\\/\\\/casadalpalhao.pt\\\/mercado\\\/#website\"},\"datePublished\":\"2025-03-29T09:02:36+00:00\",\"dateModified\":\"2025-11-18T06:43:09+00:00\",\"breadcrumb\":{\"@id\":\"https:\\\/\\\/casadalpalhao.pt\\\/mercado\\\/todas-as-perguntas\\\/#breadcrumb\"},\"inLanguage\":\"pt-PT\",\"potentialAction\":[{\"@type\":\"ReadAction\",\"target\":[\"https:\\\/\\\/casadalpalhao.pt\\\/mercado\\\/todas-as-perguntas\\\/\"]}]},{\"@type\":\"BreadcrumbList\",\"@id\":\"https:\\\/\\\/casadalpalhao.pt\\\/mercado\\\/todas-as-perguntas\\\/#breadcrumb\",\"itemListElement\":[{\"@type\":\"ListItem\",\"position\":1,\"name\":\"In\u00edcio\",\"item\":\"https:\\\/\\\/casadalpalhao.pt\\\/mercado\\\/\"},{\"@type\":\"ListItem\",\"position\":2,\"name\":\"Todas as perguntas\"}]},{\"@type\":\"WebSite\",\"@id\":\"https:\\\/\\\/casadalpalhao.pt\\\/mercado\\\/#website\",\"url\":\"https:\\\/\\\/casadalpalhao.pt\\\/mercado\\\/\",\"name\":\"Orgulho Alpalhoeiro\",\"description\":\"Sereno. Simples. Vivido e Partilhado.\",\"publisher\":{\"@id\":\"https:\\\/\\\/casadalpalhao.pt\\\/mercado\\\/#organization\"},\"potentialAction\":[{\"@type\":\"SearchAction\",\"target\":{\"@type\":\"EntryPoint\",\"urlTemplate\":\"https:\\\/\\\/casadalpalhao.pt\\\/mercado\\\/?s={search_term_string}\"},\"query-input\":{\"@type\":\"PropertyValueSpecification\",\"valueRequired\":true,\"valueName\":\"search_term_string\"}}],\"inLanguage\":\"pt-PT\"},{\"@type\":\"Organization\",\"@id\":\"https:\\\/\\\/casadalpalhao.pt\\\/mercado\\\/#organization\",\"name\":\"Orgulho Alpalhoeiro\",\"url\":\"https:\\\/\\\/casadalpalhao.pt\\\/mercado\\\/\",\"logo\":{\"@type\":\"ImageObject\",\"inLanguage\":\"pt-PT\",\"@id\":\"https:\\\/\\\/casadalpalhao.pt\\\/mercado\\\/#\\\/schema\\\/logo\\\/image\\\/\",\"url\":\"https:\\\/\\\/casadalpalhao.pt\\\/mercado\\\/wp-content\\\/uploads\\\/sites\\\/2\\\/2026\\\/03\\\/orgulhoalpalhoeiro.png\",\"contentUrl\":\"https:\\\/\\\/casadalpalhao.pt\\\/mercado\\\/wp-content\\\/uploads\\\/sites\\\/2\\\/2026\\\/03\\\/orgulhoalpalhoeiro.png\",\"width\":1880,\"height\":440,\"caption\":\"Orgulho Alpalhoeiro\"},\"image\":{\"@id\":\"https:\\\/\\\/casadalpalhao.pt\\\/mercado\\\/#\\\/schema\\\/logo\\\/image\\\/\"}}]}<\/script>\n<!-- \/ Yoast SEO plugin. -->","yoast_head_json":{"title":"Todas as perguntas - Orgulho Alpalhoeiro","robots":{"index":"index","follow":"follow","max-snippet":"max-snippet:-1","max-image-preview":"max-image-preview:large","max-video-preview":"max-video-preview:-1"},"canonical":"https:\/\/casadalpalhao.pt\/mercado\/todas-as-perguntas\/","og_locale":"pt_PT","og_type":"article","og_title":"Todas as perguntas - Orgulho Alpalhoeiro","og_description":"Todas as perguntas","og_url":"https:\/\/casadalpalhao.pt\/mercado\/todas-as-perguntas\/","og_site_name":"Orgulho Alpalhoeiro","article_modified_time":"2025-11-18T06:43:09+00:00","twitter_card":"summary_large_image","twitter_misc":{"Tempo estimado de leitura":"4 minutos"},"schema":{"@context":"https:\/\/schema.org","@graph":[{"@type":"WebPage","@id":"https:\/\/casadalpalhao.pt\/mercado\/todas-as-perguntas\/","url":"https:\/\/casadalpalhao.pt\/mercado\/todas-as-perguntas\/","name":"Todas as perguntas - Orgulho Alpalhoeiro","isPartOf":{"@id":"https:\/\/casadalpalhao.pt\/mercado\/#website"},"datePublished":"2025-03-29T09:02:36+00:00","dateModified":"2025-11-18T06:43:09+00:00","breadcrumb":{"@id":"https:\/\/casadalpalhao.pt\/mercado\/todas-as-perguntas\/#breadcrumb"},"inLanguage":"pt-PT","potentialAction":[{"@type":"ReadAction","target":["https:\/\/casadalpalhao.pt\/mercado\/todas-as-perguntas\/"]}]},{"@type":"BreadcrumbList","@id":"https:\/\/casadalpalhao.pt\/mercado\/todas-as-perguntas\/#breadcrumb","itemListElement":[{"@type":"ListItem","position":1,"name":"In\u00edcio","item":"https:\/\/casadalpalhao.pt\/mercado\/"},{"@type":"ListItem","position":2,"name":"Todas as perguntas"}]},{"@type":"WebSite","@id":"https:\/\/casadalpalhao.pt\/mercado\/#website","url":"https:\/\/casadalpalhao.pt\/mercado\/","name":"Orgulho Alpalhoeiro","description":"Sereno. Simples. Vivido e Partilhado.","publisher":{"@id":"https:\/\/casadalpalhao.pt\/mercado\/#organization"},"potentialAction":[{"@type":"SearchAction","target":{"@type":"EntryPoint","urlTemplate":"https:\/\/casadalpalhao.pt\/mercado\/?s={search_term_string}"},"query-input":{"@type":"PropertyValueSpecification","valueRequired":true,"valueName":"search_term_string"}}],"inLanguage":"pt-PT"},{"@type":"Organization","@id":"https:\/\/casadalpalhao.pt\/mercado\/#organization","name":"Orgulho Alpalhoeiro","url":"https:\/\/casadalpalhao.pt\/mercado\/","logo":{"@type":"ImageObject","inLanguage":"pt-PT","@id":"https:\/\/casadalpalhao.pt\/mercado\/#\/schema\/logo\/image\/","url":"https:\/\/casadalpalhao.pt\/mercado\/wp-content\/uploads\/sites\/2\/2026\/03\/orgulhoalpalhoeiro.png","contentUrl":"https:\/\/casadalpalhao.pt\/mercado\/wp-content\/uploads\/sites\/2\/2026\/03\/orgulhoalpalhoeiro.png","width":1880,"height":440,"caption":"Orgulho Alpalhoeiro"},"image":{"@id":"https:\/\/casadalpalhao.pt\/mercado\/#\/schema\/logo\/image\/"}}]}},"_links":{"self":[{"href":"https:\/\/casadalpalhao.pt\/mercado\/wp-json\/wp\/v2\/pages\/5035","targetHints":{"allow":["GET"]}}],"collection":[{"href":"https:\/\/casadalpalhao.pt\/mercado\/wp-json\/wp\/v2\/pages"}],"about":[{"href":"https:\/\/casadalpalhao.pt\/mercado\/wp-json\/wp\/v2\/types\/page"}],"author":[{"embeddable":true,"href":"https:\/\/casadalpalhao.pt\/mercado\/wp-json\/wp\/v2\/users\/1"}],"replies":[{"embeddable":true,"href":"https:\/\/casadalpalhao.pt\/mercado\/wp-json\/wp\/v2\/comments?post=5035"}],"version-history":[{"count":3,"href":"https:\/\/casadalpalhao.pt\/mercado\/wp-json\/wp\/v2\/pages\/5035\/revisions"}],"predecessor-version":[{"id":6969,"href":"https:\/\/casadalpalhao.pt\/mercado\/wp-json\/wp\/v2\/pages\/5035\/revisions\/6969"}],"wp:attachment":[{"href":"https:\/\/casadalpalhao.pt\/mercado\/wp-json\/wp\/v2\/media?parent=5035"}],"curies":[{"name":"wp","href":"https:\/\/api.w.org\/{rel}","templated":true}]}}